{"id":409,"date":"2025-04-09T16:47:55","date_gmt":"2025-04-09T16:47:55","guid":{"rendered":"https:\/\/jjprofesor.com.co\/awanga\/?page_id=409"},"modified":"2025-04-21T02:16:11","modified_gmt":"2025-04-21T02:16:11","slug":"que-significa-awanga","status":"publish","type":"page","link":"https:\/\/jjprofesor.com.co\/awanga\/?page_id=409","title":{"rendered":"\u00bfQu\u00e9 significa AWANGA?"},"content":{"rendered":"\n<div class=\"wp-block-media-text is-stacked-on-mobile has-background\" style=\"background-color:#a7ffc6;grid-template-columns:46% auto\"><figure class=\"wp-block-media-text__media\"><img fetchpriority=\"high\" decoding=\"async\" width=\"469\" height=\"648\" src=\"https:\/\/jjprofesor.com.co\/awanga\/wp-content\/uploads\/2025\/03\/telar-e1744216655749.jpg\" alt=\"\" class=\"wp-image-7 size-full\" srcset=\"https:\/\/jjprofesor.com.co\/awanga\/wp-content\/uploads\/2025\/03\/telar-e1744216655749.jpg 469w, https:\/\/jjprofesor.com.co\/awanga\/wp-content\/uploads\/2025\/03\/telar-e1744216655749-217x300.jpg 217w\" sizes=\"(max-width: 469px) 100vw, 469px\" \/><\/figure><div class=\"wp-block-media-text__content\">\n<p class=\"has-black-color has-text-color has-background has-link-color has-medium-font-size wp-elements-f175e4556304a88da4cd115f8e23dfdd\" style=\"background-color:#baffbd\">\u00a1Hola, j\u00f3venes exploradores! Hoy vamos a descubrir un secreto fascinante de las culturas ind\u00edgenas: el <strong>\u00abawanga\u00bb<\/strong> en lengua Inga y el <strong>\u00abawana\u00bb<\/strong> en quechua. Ambos son nombres para una herramienta m\u00e1gica:<strong><em> \u00a1el telar!<\/em><\/strong><\/p>\n<\/div><\/div>\n\n\n\n<h3 class=\"wp-block-heading has-large-font-size\">\u00bfQu\u00e9 es un telar?<\/h3>\n\n\n\n<p class=\"has-medium-font-size\">Imaginen un instrumento especial donde, con hilos de colores, se pueden crear tejidos maravillosos como mantas, bufandas y bolsos. Este instrumento es el <strong>telar<\/strong>, y es esencial en muchas culturas ind\u00edgenas para elaborar sus vestimentas y textiles tradicionales.<\/p>\n\n\n\n<h3 class=\"wp-block-heading has-large-font-size\">\u00abAwanga\u00bb en la cultura Inga<\/h3>\n\n\n\n<p class=\"has-medium-font-size\">En la lengua Inga, hablada por comunidades ind\u00edgenas en Colombia, el telar se llama <strong>\u00abawanga\u00bb<\/strong>. Es un armaz\u00f3n r\u00fastico hecho de madera que permite entrelazar hilos y crear tejidos coloridos y resistentes.<\/p>\n\n\n\n<h3 class=\"wp-block-heading has-large-font-size\">\u00abAwana\u00bb en la cultura Quechua<\/h3>\n\n\n\n<p class=\"has-medium-font-size\">En quechua, idioma de los pueblos andinos, el telar se conoce como <strong>\u00abawana\u00bb<\/strong>. No solo es una herramienta de trabajo, sino tambi\u00e9n un s\u00edmbolo de uni\u00f3n. Cada hilo individual se entrelaza con otros para formar un tejido completo, representando c\u00f3mo las personas, al unirse, crean una comunidad fuerte y armoniosa.<\/p>\n\n\n\n<h3 class=\"wp-block-heading has-large-font-size\">La magia de tejer<\/h3>\n\n\n\n<p class=\"has-medium-font-size\">Tejer no es solo una actividad pr\u00e1ctica; es una forma de contar historias y mantener viva la cultura. Cada dise\u00f1o y color en los tejidos tiene un significado especial, transmitiendo conocimientos y tradiciones de generaci\u00f3n en generaci\u00f3n.<\/p>\n\n\n\n<figure class=\"wp-block-image size-full is-resized\"><img decoding=\"async\" width=\"1024\" height=\"1024\" src=\"https:\/\/jjprofesor.com.co\/awanga\/wp-content\/uploads\/2025\/04\/ChatGPT-Image-9-abr-2025-12_33_02-p.m.png\" alt=\"\" class=\"wp-image-417\" style=\"width:397px;height:auto\" srcset=\"https:\/\/jjprofesor.com.co\/awanga\/wp-content\/uploads\/2025\/04\/ChatGPT-Image-9-abr-2025-12_33_02-p.m.png 1024w, https:\/\/jjprofesor.com.co\/awanga\/wp-content\/uploads\/2025\/04\/ChatGPT-Image-9-abr-2025-12_33_02-p.m-300x300.png 300w, https:\/\/jjprofesor.com.co\/awanga\/wp-content\/uploads\/2025\/04\/ChatGPT-Image-9-abr-2025-12_33_02-p.m-150x150.png 150w, https:\/\/jjprofesor.com.co\/awanga\/wp-content\/uploads\/2025\/04\/ChatGPT-Image-9-abr-2025-12_33_02-p.m-768x768.png 768w\" sizes=\"(max-width: 1024px) 100vw, 1024px\" \/><\/figure>\n\n\n\n<h3 class=\"wp-block-heading has-large-font-size\">\u00a1Manos a la obra!<\/h3>\n\n\n\n<p class=\"has-medium-font-size\">\u00bfSe imaginan crear sus propios tejidos? Con paciencia y creatividad, pueden aprender a usar un telar y dise\u00f1ar piezas \u00fanicas que reflejen su identidad y creatividad. \u00a1An\u00edmense a descubrir el arte del tejido y a ser parte de esta maravillosa tradici\u00f3n!<\/p>\n\n\n\n<p class=\"has-small-font-size\"><\/p>\n\n\n<div class=\"h5p-iframe-wrapper\"><iframe id=\"h5p-iframe-1\" class=\"h5p-iframe\" data-content-id=\"1\" style=\"height:1px\" src=\"about:blank\" frameBorder=\"0\" scrolling=\"no\" title=\"Awanga\"><\/iframe><\/div>\n\n\n\n<p><\/p>\n","protected":false},"excerpt":{"rendered":"<p>\u00a1Hola, j\u00f3venes exploradores! Hoy vamos a descubrir un secreto fascinante de las culturas ind\u00edgenas: el \u00abawanga\u00bb en lengua Inga y el \u00abawana\u00bb en quechua. Ambos son nombres para una herramienta&hellip;<\/p>\n","protected":false},"author":1,"featured_media":417,"parent":0,"menu_order":0,"comment_status":"closed","ping_status":"closed","template":"","meta":{"footnotes":""},"class_list":["post-409","page","type-page","status-publish","has-post-thumbnail","hentry"],"_links":{"self":[{"href":"https:\/\/jjprofesor.com.co\/awanga\/index.php?rest_route=\/wp\/v2\/pages\/409","targetHints":{"allow":["GET"]}}],"collection":[{"href":"https:\/\/jjprofesor.com.co\/awanga\/index.php?rest_route=\/wp\/v2\/pages"}],"about":[{"href":"https:\/\/jjprofesor.com.co\/awanga\/index.php?rest_route=\/wp\/v2\/types\/page"}],"author":[{"embeddable":true,"href":"https:\/\/jjprofesor.com.co\/awanga\/index.php?rest_route=\/wp\/v2\/users\/1"}],"replies":[{"embeddable":true,"href":"https:\/\/jjprofesor.com.co\/awanga\/index.php?rest_route=%2Fwp%2Fv2%2Fcomments&post=409"}],"version-history":[{"count":4,"href":"https:\/\/jjprofesor.com.co\/awanga\/index.php?rest_route=\/wp\/v2\/pages\/409\/revisions"}],"predecessor-version":[{"id":420,"href":"https:\/\/jjprofesor.com.co\/awanga\/index.php?rest_route=\/wp\/v2\/pages\/409\/revisions\/420"}],"wp:featuredmedia":[{"embeddable":true,"href":"https:\/\/jjprofesor.com.co\/awanga\/index.php?rest_route=\/wp\/v2\/media\/417"}],"wp:attachment":[{"href":"https:\/\/jjprofesor.com.co\/awanga\/index.php?rest_route=%2Fwp%2Fv2%2Fmedia&parent=409"}],"curies":[{"name":"wp","href":"https:\/\/api.w.org\/{rel}","templated":true}]}}