{"id":296,"date":"2025-04-01T03:42:15","date_gmt":"2025-04-01T03:42:15","guid":{"rendered":"https:\/\/jjprofesor.com.co\/awanga\/?page_id=296"},"modified":"2025-04-21T01:59:21","modified_gmt":"2025-04-21T01:59:21","slug":"que-es-la-leyenda","status":"publish","type":"page","link":"https:\/\/jjprofesor.com.co\/awanga\/?page_id=296","title":{"rendered":"\u00bfQu\u00e9 es la Leyenda?"},"content":{"rendered":"\n<figure class=\"wp-block-embed is-type-video is-provider-youtube wp-block-embed-youtube wp-embed-aspect-16-9 wp-has-aspect-ratio\"><div class=\"wp-block-embed__wrapper\">\n<iframe title=\"La leyenda y sus caracter\u00edsticas\" width=\"500\" height=\"281\" src=\"https:\/\/www.youtube.com\/embed\/lGZ7XOF1lyI?feature=oembed\" frameborder=\"0\" allow=\"accelerometer; autoplay; clipboard-write; encrypted-media; gyroscope; picture-in-picture; web-share\" referrerpolicy=\"strict-origin-when-cross-origin\" allowfullscreen><\/iframe>\n<\/div><\/figure>\n\n\n\n<p class=\"has-black-color has-text-color has-link-color has-medium-font-size wp-elements-9ea9de3557edab6b4469dff93e6affdc\"><\/p>\n\n\n\n<div class=\"wp-block-media-text is-stacked-on-mobile\"><figure class=\"wp-block-media-text__media\"><img fetchpriority=\"high\" decoding=\"async\" width=\"400\" height=\"800\" src=\"http:\/\/jjprofesor.com.co\/awanga\/wp-content\/uploads\/2025\/04\/le.png\" alt=\"\" class=\"wp-image-439 size-full\" srcset=\"https:\/\/jjprofesor.com.co\/awanga\/wp-content\/uploads\/2025\/04\/le.png 400w, https:\/\/jjprofesor.com.co\/awanga\/wp-content\/uploads\/2025\/04\/le-150x300.png 150w\" sizes=\"(max-width: 400px) 100vw, 400px\" \/><\/figure><div class=\"wp-block-media-text__content\">\n<p class=\"has-text-align-left has-black-color has-text-color has-link-color has-medium-font-size wp-elements-44bd4a407f272ba69244baeda348b13a\">Una leyenda es un relato que combina elementos reales con elementos imaginarios o maravillosos, que est\u00e1n enmarcados en un contexto geogr\u00e1fico y temporal, y que se transmite por tradici\u00f3n oral. Las leyendas est\u00e1n \u00edntimamente relacionadas con la cultura y tradiciones locales, de all\u00ed que suelen incluir elementos afines a una comunidad o localidad en particular. Esto hace que sean aceptadas como historias ver\u00eddicas, ya que el personaje, momento hist\u00f3rico o lugar mencionado en la leyenda es conocido por todos.<\/p>\n\n\n\n<p class=\"has-text-align-left has-black-color has-text-color has-link-color has-medium-font-size wp-elements-beb16832032c808221d8ed95c763daba\">Ejemplos de leyendas podr\u00edan ser las historias de&nbsp;<em>La Llorona<\/em>,&nbsp;<em>La Sayona<\/em>,&nbsp;<em>El Silb\u00f3n<\/em>,&nbsp;<em>El callej\u00f3n del beso,<\/em>&nbsp;etc.<\/p>\n\n\n\n<p class=\"has-text-align-left has-black-color has-text-color has-link-color has-medium-font-size wp-elements-67ad4c20ff1b7f52f621b2c02bd1d735\">La palabra leyenda procede del lat\u00edn&nbsp;<em>legenda<\/em>, derivado de&nbsp;<em>leg\u0115re<\/em>&nbsp;que significa &#8216;leer&#8217;. Se usa en el sentido de \u00abdigno de ser le\u00eddo o conocido\u00bb y hace referencia a eventos que son recordados y difundidos para que la historia prevalezca en el tiempo, como por ejemplo las narraciones religiosas que aparentemente dieron origen al uso del t\u00e9rmino.<\/p>\n<\/div><\/div>\n\n\n\n<h2 class=\"wp-block-heading\">Caracter\u00edsticas de las leyendas<\/h2>\n\n\n\n<ul class=\"wp-block-list\">\n<li class=\"has-medium-font-size\">Este tipo de narraciones se distinguen por estar basadas en la realidad y por ser creaciones an\u00f3nimas, entre otras caracter\u00edsticas que veremos a continuaci\u00f3n.<\/li>\n\n\n\n<li class=\"has-medium-font-size\"><strong>Se transmiten de forma oral o escrita<\/strong>. Si bien las leyendas se difundieron originalmente con la tradici\u00f3n oral de una generaci\u00f3n a otra, tambi\u00e9n pueden difundirse de forma escrita. Hoy en d\u00eda es posible encontrar recopilaciones de leyendas en formato impreso o digital.<\/li>\n\n\n\n<li class=\"has-medium-font-size\"><strong>Tienen un componente de realidad<\/strong>. Las leyendas est\u00e1n basadas total o parcialmente en un hecho, momento o personaje real . Esta caracter\u00edstica permite ubicar lo narrado en un contexto espec\u00edfico.<\/li>\n\n\n\n<li class=\"has-medium-font-size\">Por ejemplo, las leyendas hist\u00f3ricas sobre batallas reales, o las leyendas urbanas que supuestamente ocurrieron en un lugar conocido.<\/li>\n\n\n\n<li class=\"has-medium-font-size\"><strong>Suelen tener un componente fant\u00e1stico<\/strong>. Las leyendas cuentan con un elemento de car\u00e1cter sobrenatural, m\u00e1gico o fant\u00e1stico, como un lugar encantado o un personaje con poderes paranormales.<\/li>\n\n\n\n<li class=\"has-medium-font-size\">En la leyenda de La llorona, por ejemplo, la mujer de la historia suele desaparecer ante la mirada de la v\u00edctima.<\/li>\n\n\n\n<li class=\"has-medium-font-size\"><strong>Sus personajes son representaciones de arquetipos<\/strong>. Los arquetipos son representaciones universales de patrones de comportamiento, como el h\u00e9roe, el villano o la mujer sabia.<\/li>\n\n\n\n<li class=\"has-medium-font-size\">Por ejemplo, las leyendas hist\u00f3ricas suelen tener un h\u00e9roe que salv\u00f3 a un grupo de personas o a un pa\u00eds, mientras que en muchas historias rurales est\u00e1 presente el arquetipo de la bruja malvada.<\/li>\n\n\n\n<li class=\"has-medium-font-size\"><strong>Son creaciones an\u00f3nimas<\/strong>. Las leyendas carecen de autor conocido. Por esta raz\u00f3n, los detalles se suelen ir modificando con el paso del tiempo gracias al aporte colectivo, lo cual da origen a m\u00faltiples versiones de la misma historia.<\/li>\n\n\n\n<li class=\"has-medium-font-size\">Por ejemplo, La materia de Breta\u00f1a es un conjunto de textos de la Edad Media escrito por diversos autores franceses e ingleses. Cada uno aport\u00f3 su versi\u00f3n sobre la leyenda del Rey Arturo y los caballeros de la mesa redonda.<\/li>\n\n\n\n<li class=\"has-medium-font-size\"><strong>Hacen referencia a un lugar o momento hist\u00f3rico particular<\/strong>. En las leyendas el lugar, el a\u00f1o, el evento o el personaje es reconocible, por lo tanto el contexto es f\u00e1cil de identificar por los lectores u oyentes de la historia.<\/li>\n\n\n\n<li class=\"has-medium-font-size\">Un ejemplo es la leyenda sobre el cerro de La Bufa, en M\u00e9xico. Se trata de una formaci\u00f3n natural real, sobre la que se afirma que tiene una escalinata secreta que lleva a un palacio subterr\u00e1neo cubierto de oro.<\/li>\n\n\n\n<li class=\"has-medium-font-size\"><strong>Incluyen elementos del folclore local<\/strong>. Las leyendas incluyen elementos o s\u00edmbolos propios del contexto cultural de la historia, como brujas, duendes, fantasmas, santos, magos, lugares con propiedades m\u00e1gicas, etc.<\/li>\n\n\n\n<li class=\"has-medium-font-size\">Por ejemplo, en las zonas rurales latinoamericanas la figura del duende forma parte del folclore local, por lo que suele ser com\u00fan encontrar leyendas asociadas a estos personajes.<\/li>\n<\/ul>\n\n\n\n<h2 class=\"wp-block-heading\">Elementos de una leyenda<\/h2>\n\n\n\n<p class=\"has-black-color has-text-color has-link-color has-medium-font-size wp-elements-fac0bd76a60272071f7a8c60f9aac9d7\"><strong>Personajes<\/strong><\/p>\n\n\n\n<p class=\"has-black-color has-text-color has-link-color has-medium-font-size wp-elements-ec78b0c45904026ce8390a021edafeff\">Llevan a cabo las acciones dentro de la historia. Pueden ser h\u00e9roes, pero tambi\u00e9n pueden representar otro tipo de arquetipos, como la hechicera, los enamorados, la madre, etc. Por ejemplo, en la leyenda de La Llorona, los personajes son la propia Llorona y las personas (generalmente hombres) que encuentra en lugares desolados.<\/p>\n\n\n\n<p class=\"has-black-color has-text-color has-link-color has-medium-font-size wp-elements-f2d3d9b8e113ce213b0710b100a81f61\"><strong>Argumento<\/strong><\/p>\n\n\n\n<p class=\"has-black-color has-text-color has-link-color has-medium-font-size wp-elements-448cb067f372c7e450bb69551cf101f9\">Son las acciones que tienen lugar en la historia, ordenadas cronol\u00f3gicamente. Por ejemplo, el argumento de La Llorona es que se trata de una mujer que vaga en busca de sus hijos y emite sonidos desgarradores.<\/p>\n\n\n\n<p class=\"has-black-color has-text-color has-link-color has-medium-font-size wp-elements-f5449f82a5642e610a4eba208b67333a\"><strong>Trama<\/strong><\/p>\n\n\n\n<p class=\"has-black-color has-text-color has-link-color has-medium-font-size wp-elements-ceb2e871b0f21350d8f99591d13ff293\">Es el orden de las acciones planteadas en el argumento. En las leyendas, la trama inicia con la introducci\u00f3n, contin\u00faa con el nudo o conflicto y termina con el desenlace o resoluci\u00f3n, coincidiendo con el orden del argumento.<\/p>\n\n\n\n<p class=\"has-black-color has-text-color has-link-color has-medium-font-size wp-elements-868c6c5e6350cf4c0c63a58c1dc7170d\"><strong>Contexto<\/strong><\/p>\n\n\n\n<p class=\"has-black-color has-text-color has-link-color has-medium-font-size wp-elements-22b24ea0dc1a6267140acf7ca3cd6dcd\">Son las referencias que sirven para ambientar la narraci\u00f3n, como el lugar y el tiempo. Por ejemplo, \u201cEn una calle oscura del centro de Caracas&#8230;\u201d.<\/p>\n\n\n\n<p class=\"has-black-color has-text-color has-link-color has-medium-font-size wp-elements-9e1373f542774b26471b38af50145c3a\"><strong>Narrador<\/strong><\/p>\n\n\n\n<p class=\"has-black-color has-text-color has-link-color has-medium-font-size wp-elements-94828f8fa293a8616a6bd906bcbb9e94\">Es quien cuenta la historia. En las leyendas, el narrador est\u00e1 en tercera persona, es decir, es alguien que no participa en la historia. Un ejemplo ser\u00eda \u201cEl taxista vio a la mujer vestida de blanco, escuch\u00f3 su llanto desconsolado y supo inmediatamente que se hab\u00eda encontrado a La llorona\u00bb.<\/p>\n\n\n\n<p>Vicente, E. A., &amp; De, E. (2014, marzo 15).&nbsp;<em>Leyenda<\/em>. Enciclopedia Significados. https:\/\/www.significados.com\/leyenda\/<\/p>\n\n\n<div class=\"h5p-iframe-wrapper\"><iframe id=\"h5p-iframe-3\" class=\"h5p-iframe\" data-content-id=\"3\" style=\"height:1px\" src=\"about:blank\" frameBorder=\"0\" scrolling=\"no\" title=\"Leyendas\"><\/iframe><\/div>\n","protected":false},"excerpt":{"rendered":"<p>Una leyenda es un relato que combina elementos reales con elementos imaginarios o maravillosos, que est\u00e1n enmarcados en un contexto geogr\u00e1fico y temporal, y que se transmite por tradici\u00f3n oral.&hellip;<\/p>\n","protected":false},"author":1,"featured_media":0,"parent":0,"menu_order":0,"comment_status":"closed","ping_status":"closed","template":"","meta":{"footnotes":""},"class_list":["post-296","page","type-page","status-publish","hentry"],"_links":{"self":[{"href":"https:\/\/jjprofesor.com.co\/awanga\/index.php?rest_route=\/wp\/v2\/pages\/296","targetHints":{"allow":["GET"]}}],"collection":[{"href":"https:\/\/jjprofesor.com.co\/awanga\/index.php?rest_route=\/wp\/v2\/pages"}],"about":[{"href":"https:\/\/jjprofesor.com.co\/awanga\/index.php?rest_route=\/wp\/v2\/types\/page"}],"author":[{"embeddable":true,"href":"https:\/\/jjprofesor.com.co\/awanga\/index.php?rest_route=\/wp\/v2\/users\/1"}],"replies":[{"embeddable":true,"href":"https:\/\/jjprofesor.com.co\/awanga\/index.php?rest_route=%2Fwp%2Fv2%2Fcomments&post=296"}],"version-history":[{"count":3,"href":"https:\/\/jjprofesor.com.co\/awanga\/index.php?rest_route=\/wp\/v2\/pages\/296\/revisions"}],"predecessor-version":[{"id":440,"href":"https:\/\/jjprofesor.com.co\/awanga\/index.php?rest_route=\/wp\/v2\/pages\/296\/revisions\/440"}],"wp:attachment":[{"href":"https:\/\/jjprofesor.com.co\/awanga\/index.php?rest_route=%2Fwp%2Fv2%2Fmedia&parent=296"}],"curies":[{"name":"wp","href":"https:\/\/api.w.org\/{rel}","templated":true}]}}