{"id":260,"date":"2025-04-01T03:38:51","date_gmt":"2025-04-01T03:38:51","guid":{"rendered":"https:\/\/jjprofesor.com.co\/awanga\/?page_id=260"},"modified":"2025-04-21T01:44:12","modified_gmt":"2025-04-21T01:44:12","slug":"que-es-un-mito","status":"publish","type":"page","link":"https:\/\/jjprofesor.com.co\/awanga\/?page_id=260","title":{"rendered":"\u00bfQu\u00e9 es un Mito?"},"content":{"rendered":"\n<figure class=\"wp-block-embed is-type-video is-provider-youtube wp-block-embed-youtube wp-embed-aspect-16-9 wp-has-aspect-ratio\"><div class=\"wp-block-embed__wrapper\">\n<iframe title=\"\u2705\u200b El Mito | Estructura, Funci\u00f3n, Tipos y Caracter\u00edsticas\" width=\"500\" height=\"281\" src=\"https:\/\/www.youtube.com\/embed\/_BMVoA4uqBM?feature=oembed\" frameborder=\"0\" allow=\"accelerometer; autoplay; clipboard-write; encrypted-media; gyroscope; picture-in-picture; web-share\" referrerpolicy=\"strict-origin-when-cross-origin\" allowfullscreen><\/iframe>\n<\/div><\/figure>\n\n\n\n<p class=\"has-black-color has-text-color has-link-color has-medium-font-size wp-elements-9ea9de3557edab6b4469dff93e6affdc\"><\/p>\n\n\n\n<div class=\"wp-block-media-text is-stacked-on-mobile\"><figure class=\"wp-block-media-text__media\"><img fetchpriority=\"high\" decoding=\"async\" width=\"450\" height=\"900\" src=\"http:\/\/jjprofesor.com.co\/awanga\/wp-content\/uploads\/2025\/04\/mitos-1.webp\" alt=\"\" class=\"wp-image-436 size-full\" srcset=\"https:\/\/jjprofesor.com.co\/awanga\/wp-content\/uploads\/2025\/04\/mitos-1.webp 450w, https:\/\/jjprofesor.com.co\/awanga\/wp-content\/uploads\/2025\/04\/mitos-1-150x300.webp 150w\" sizes=\"(max-width: 450px) 100vw, 450px\" \/><\/figure><div class=\"wp-block-media-text__content\">\n<p class=\"has-black-color has-text-color has-link-color has-medium-font-size wp-elements-6eac4a1ee9f47ca2aac73a6407ecc881\">Un mito es una&nbsp;<strong>narraci\u00f3n&nbsp;<\/strong>maravillosa protagonizada por dioses, h\u00e9roes o personajes fant\u00e1sticos, que se desarrolla fuera del tiempo hist\u00f3rico, y<strong>&nbsp;explica&nbsp;<\/strong>o da sentido a determinados<strong>&nbsp;fen\u00f3menos<\/strong>.<\/p>\n\n\n\n<p class=\"has-black-color has-text-color has-link-color has-medium-font-size wp-elements-8ed34e6e41d4d7633d6bf0f1fb6324bf\">Los mitos forman parte del sistema de<strong>\u00a0creencias de un pueblo\u00a0<\/strong>o cultura. Considerados en conjunto, los mitos conforman una\u00a0<strong>mitolog\u00eda<\/strong>. La mitolog\u00eda sustenta la cosmovisi\u00f3n de una cultura, es decir, el conjunto de relatos y creencias con los cuales un pueblo ha explicado tradicionalmente su origen y la raz\u00f3n de ser de todo lo que lo rodea.<\/p>\n\n\n\n<p class=\"has-black-color has-text-color has-link-color has-medium-font-size wp-elements-976885e28c1cd30a0a518b7d0ce79b18\">Los mitos tienen, por tanto, la\u00a0<strong>capacidad de responder<\/strong>\u00a0determinadas\u00a0<strong>preguntas existenciales<\/strong>: \u00bfqui\u00e9nes somos?, \u00bfde d\u00f3nde venimos?, \u00bfhacia d\u00f3nde vamos?, \u00bfpor qu\u00e9 estamos aqu\u00ed?<\/p>\n<\/div><\/div>\n\n\n\n<p class=\"has-black-color has-text-color has-link-color has-medium-font-size wp-elements-9ea9de3557edab6b4469dff93e6affdc\"><\/p>\n\n\n\n<p class=\"has-black-color has-text-color has-link-color has-medium-font-size wp-elements-84316a344af448403676411fcce42e85\">Las explicaciones que ofrecen, fueron tradicionalmente aceptadas por el pueblo, y se han trasmitido de generaci\u00f3n en generaci\u00f3n a lo largo de los siglos de manera oral o escrita.<\/p>\n\n\n\n<p class=\"has-black-color has-text-color has-link-color has-medium-font-size wp-elements-2e63039e92e9fce3189d14001365881b\">Pero un mito, tambi\u00e9n puede ser una historia ficticia de&nbsp;<strong>elaboraci\u00f3n literaria<\/strong>, en la cual se condensa alguna realidad humana y que tiene determinada significaci\u00f3n universal. Tal como sucede con el mito de S\u00edsifo, que proviene de la mitolog\u00eda griega y que Albert Camus recre\u00f3 en un libro.<\/p>\n\n\n\n<p class=\"has-black-color has-text-color has-link-color has-medium-font-size wp-elements-c6348f85cb2abe13582b53287f43d5ad\">La palabra proviene del griego \u03bc\u1fe6\u03b8\u03bf\u03c2 (mythos), que significa relato, cuento, leyenda.<\/p>\n\n\n\n<h2 class=\"wp-block-heading\">Caracter\u00edsticas del mito<\/h2>\n\n\n\n<ul class=\"wp-block-list\">\n<li class=\"has-black-color has-text-color has-link-color has-medium-font-size wp-elements-90d22eeb4cdfb5bf3a441f921a2b7062\">Los mitos tratan sobre<strong>\u00a0temas universales<\/strong>\u00a0como la creaci\u00f3n y el origen de las cosas. Estos temas fundamentales est\u00e1n presentes en pr\u00e1cticamente todas las culturas.<\/li>\n\n\n\n<li class=\"has-black-color has-text-color has-link-color has-medium-font-size wp-elements-5a3848a0b0862f8c23b784918a091442\">Su objetivo es\u00a0<strong>explicar\u00a0<\/strong>aspectos de la<strong>\u00a0realidad<\/strong>\u00a0tales como la cultura, la religi\u00f3n, la sociedad, la historia o la naturaleza. Proporciona una interpretaci\u00f3n del entorno, ayudando a las personas a comprender su lugar en el mundo.<\/li>\n\n\n\n<li class=\"has-black-color has-text-color has-link-color has-medium-font-size wp-elements-de41e2f16b17e8af838bfaedc2ba6fa4\">Los personajes que intervienen suelen ser\u00a0<strong>sobrenaturales<\/strong>, como dioses o h\u00e9roes. En ocasiones pueden ser la personificaci\u00f3n de un determinado fen\u00f3meno o elemento, como un volc\u00e1n o el viento.<\/li>\n\n\n\n<li class=\"has-black-color has-text-color has-link-color has-medium-font-size wp-elements-e06bc52aad633a968665746ef478f4bd\">En algunas culturas sirven para dar respuesta a ciertos acontecimientos como los eclipses u otros<strong>\u00a0fen\u00f3menos naturales<\/strong>. Los mitos se desarrollaron para explicar fen\u00f3menos que no pod\u00edan ser comprendidos cient\u00edficamente en ese momento.<\/li>\n\n\n\n<li class=\"has-black-color has-text-color has-link-color has-medium-font-size wp-elements-b2385069567ab6d324369c701c383fee\">Su\u00a0<strong>transmisi\u00f3n\u00a0<\/strong>se realiz\u00f3\u00a0de generaci\u00f3n en generaci\u00f3n de forma\u00a0<strong>oral\u00a0<\/strong>y su significado suele ser simb\u00f3lico o\u00a0<strong>aleg\u00f3rico<\/strong>.<\/li>\n\n\n\n<li class=\"has-black-color has-text-color has-link-color has-medium-font-size wp-elements-6ba24df4f4056e4aa6f98716f74f1f87\">Los mitos suponen un gran valor para la cultura de los pueblos, puesto que, reflejan su cosmovisi\u00f3n, preservan su identidad cultural y, a veces,\u00a0<strong>transmiten ense\u00f1anzas<\/strong>\u00a0de tipo moral, como normas o valores.<\/li>\n<\/ul>\n\n\n\n<p>Vicente, E. A. (2015, febrero 12).&nbsp;<em>Qu\u00e9 es un Mito<\/em>. Enciclopedia Significados. https:\/\/www.significados.com\/mito\/<\/p>\n\n\n<div class=\"h5p-iframe-wrapper\"><iframe id=\"h5p-iframe-2\" class=\"h5p-iframe\" data-content-id=\"2\" style=\"height:1px\" src=\"about:blank\" frameBorder=\"0\" scrolling=\"no\" title=\"Awangas\"><\/iframe><\/div>\n","protected":false},"excerpt":{"rendered":"<p>Un mito es una&nbsp;narraci\u00f3n&nbsp;maravillosa protagonizada por dioses, h\u00e9roes o personajes fant\u00e1sticos, que se desarrolla fuera del tiempo hist\u00f3rico, y&nbsp;explica&nbsp;o da sentido a determinados&nbsp;fen\u00f3menos. Los mitos forman parte del sistema de\u00a0creencias&hellip;<\/p>\n","protected":false},"author":1,"featured_media":0,"parent":0,"menu_order":0,"comment_status":"closed","ping_status":"closed","template":"","meta":{"footnotes":""},"class_list":["post-260","page","type-page","status-publish","hentry"],"_links":{"self":[{"href":"https:\/\/jjprofesor.com.co\/awanga\/index.php?rest_route=\/wp\/v2\/pages\/260","targetHints":{"allow":["GET"]}}],"collection":[{"href":"https:\/\/jjprofesor.com.co\/awanga\/index.php?rest_route=\/wp\/v2\/pages"}],"about":[{"href":"https:\/\/jjprofesor.com.co\/awanga\/index.php?rest_route=\/wp\/v2\/types\/page"}],"author":[{"embeddable":true,"href":"https:\/\/jjprofesor.com.co\/awanga\/index.php?rest_route=\/wp\/v2\/users\/1"}],"replies":[{"embeddable":true,"href":"https:\/\/jjprofesor.com.co\/awanga\/index.php?rest_route=%2Fwp%2Fv2%2Fcomments&post=260"}],"version-history":[{"count":2,"href":"https:\/\/jjprofesor.com.co\/awanga\/index.php?rest_route=\/wp\/v2\/pages\/260\/revisions"}],"predecessor-version":[{"id":437,"href":"https:\/\/jjprofesor.com.co\/awanga\/index.php?rest_route=\/wp\/v2\/pages\/260\/revisions\/437"}],"wp:attachment":[{"href":"https:\/\/jjprofesor.com.co\/awanga\/index.php?rest_route=%2Fwp%2Fv2%2Fmedia&parent=260"}],"curies":[{"name":"wp","href":"https:\/\/api.w.org\/{rel}","templated":true}]}}