{"id":229,"date":"2025-04-01T03:10:37","date_gmt":"2025-04-01T03:10:37","guid":{"rendered":"https:\/\/jjprofesor.com.co\/awanga\/?page_id=229"},"modified":"2025-04-21T02:08:13","modified_gmt":"2025-04-21T02:08:13","slug":"la-moledora","status":"publish","type":"page","link":"https:\/\/jjprofesor.com.co\/awanga\/?page_id=229","title":{"rendered":"La Moledora"},"content":{"rendered":"\n<figure class=\"wp-block-embed is-type-video is-provider-youtube wp-block-embed-youtube wp-embed-aspect-4-3 wp-has-aspect-ratio\"><div class=\"wp-block-embed__wrapper\">\n<iframe title=\"leyenda la moledora\" width=\"500\" height=\"375\" src=\"https:\/\/www.youtube.com\/embed\/EOYPvWQfmuA?feature=oembed\" frameborder=\"0\" allow=\"accelerometer; autoplay; clipboard-write; encrypted-media; gyroscope; picture-in-picture; web-share\" referrerpolicy=\"strict-origin-when-cross-origin\" allowfullscreen><\/iframe>\n<\/div><\/figure>\n\n\n\n<p class=\"has-black-color has-text-color has-link-color has-medium-font-size wp-elements-8f8318081765c2aa8626823591d1399f\">\u00ab\u00a1pues la historia de la Moledora, yo no la se muy bien, pero mi pap\u00e1 ha contado, que anteriormente aqu\u00ed ha vivido una se\u00f1ora, ella ha tenido un hermano sencillo parec\u00eda como tonto, pero muy conocedor de brujer\u00eda y curanderismo mas que la propia hermana, esta era normal pues digamos que no? En cambio el era chiquito y cojeaba. El viv\u00eda en este punto, ella sembraba aqu\u00ed todo: papa, ulloco, haba, trigo, cebada, cebolla y cosas m\u00e1s. Pues en ese entonces la gente de Chiles venia a hacer cambios, tra\u00eda de all\u00e1 algo de lo que se daba en Chiles y hac\u00edan cambios de lo que tenia la se\u00f1ora aqu\u00ed; llevaban ma\u00edz. Y pu\u00e9s al hermano all\u00e1 abajo no le llegaba la gente y dizque un d\u00eda dijo que la iba a da\u00f1ar la tierra para que no se le diera nada y hizo eso de verdad, y verdad, entonces, por eso, no se le dio nada. La gente de Chiles pasaba recto para abajo donde el otro hermano y de ver eso, \u00e9l que no se le daba nada, empez\u00f3 a cosechar de todo.<br>La se\u00f1ora esa i la bruja! Dezque empez\u00f3 a acogerse una de la gente que bajaba all\u00e1; como no tenia que comer, ella, dezque cog\u00eda se los com\u00eda.<br>Entonces ezque hac\u00edan grupos como de veinte o treinta personas y es que pasaban, haber si no les hacia nada, pero con todo, de los veinte que iban, cuando es que iban m\u00e1s abajo dezque se dieron cuenta \u00a1falto uno! Dezque se los bajaba por la parte de m\u00e1s all\u00e1 y que se los tra\u00eda, entonces le dieron parte al hermano, pus dizque ella est\u00e1 haciendo as\u00ed, que \u00bfqu\u00e9 podr\u00edan hacer?. Entonces \u00e9l dizque dijo que iba a acabar con ella. Entonces es que prepararon una hoguera bien grande, y a uno de ellos, el se\u00f1or, el brujo, el hermano pues, dezque ya prepar\u00f3 la hoguera y dezque ensayo unos dos tipos para que vinieran aqu\u00ed a gritarle a la parte donde ahora es San Felipe, por eso se llama a este sitio el gritadero que queda aqu\u00ed debajo de este chorro, dezque puso, pues, contaba mi pap\u00e1, quezque estaba ensayando. Pues puso una paila con aceite y unos dos ma\u00edces, y que los dos tipos ten\u00edan, que a lo que los ma\u00edces reventaran, ten\u00edan que estar aqu\u00ed porque si no ella los alcanzaba y se los com\u00eda, entonces primero ezque mand\u00f3 unos dos; cierto pero as\u00ed ensayando. Pero a no gritarle todav\u00eda, a no decirle nada, entonces dezque los dos tipos hab\u00edan llegado cuando los ma\u00edces hab\u00edan reventado ya rato. Entonces dijo: ellos no est\u00e1n aptos pero primero los curo a ellos, era brujo! Mejor que la hermana. Entonces prepar\u00f3 otros, as\u00ed mismo los cur\u00f3, haciendo rezos, que, pis, sabr\u00edan hacer los de antes.<br>Entonces ezque mand\u00f3 otros dos, y ellos s\u00ed ezque preciso cuando reventaron los ma\u00edces que el se\u00f1or puso en la paila ya quezque estuvieron aqu\u00ed abajo en Mayasquer. Entonces bueno, en el puente de Mayasquer, templaron bien alto, eso hay una hondonada y ah\u00ed templaron, ezque templaron un puente no? Y abajo una hoguera para que cuando ella pasara volando tras los otros dos que tambi\u00e9n ven\u00edan volando, ella cayera, por eso los dos tipos, ten\u00edan que ser preparados por que ten\u00edan que llegar primero abajo.<br>Entonces dizque, pues los mando, que digan que manda a decir el hermano que le ten\u00eda unos dos ni\u00f1os, que le digan as\u00ed y que se vengan. Entonces se vinieron a toda, ya los cur\u00f3 el se\u00f1or, les mand\u00f3 que desde ac\u00e1 abajo le griten as\u00ed, ya le gritaron como les hab\u00eda dicho que le griten y se fueron. Entonces ellos se fueron de una. Ya dezque los alcanzaba, en parte, dezque se hac\u00eda p\u00e1jaro \u00a1esa! No iban por el suelo, iban volando. Entonces cuando llegaron abajo, cuando iban saliendo el puente, la bruja ya iba por la mitad, ya los hab\u00eda alcanzado y abajo le arrancaron el cable del puente\u2026 El hermano, es el que le arranc\u00f3 y \u00a1Esa! Cay\u00f3 abajo.<br>\u00a1Eso! es que dijo. \u00a1Venga hermana!\u00bb<br>\u00abA los tiempos ha venido, si\u00e9ntese\u00bb<br>\u00ab!No\u00a1 -ezque dijo me ofrecieron unos ni\u00f1os y tengo que alcanzarlos, si no me los dan, me los como a ellos!\u00bb.<br>\u00abNo\u00bb -es que dijo &#8211; \u00abYo la mand\u00e9 a llamar!\u00bb<br>\u00abyo se los tengo\u00bb<br>Dezque abri\u00f3 una puerta, los ten\u00eda en el cuarto, \u00ab\u00a1Aqu\u00ed los tengo!\u00bb<br>\u00bfLa hoguera estaba cubierta con algo pis no? Con un cuero y all\u00ed es que estaba la silla. \u00abSi\u00e9ntese\u00bb.<br>\u00abSi\u00e9ntese\u00bb -es que le dijo-ella se sent\u00f3 y se cay\u00f3 en la hoguera<br>Ya es que se sal\u00eda. Pero all\u00ed la quemaron, se hizo ceniza.<br>Entonces mand\u00f3 otros dos a botar esa ceniza al r\u00edo, y que no regresaran a ver, y ellos regresaron a ver, y cuando regresaron a ver ezque vieron que la ceniza era mosco. \u00a1por eso es que hay moscos aqu\u00ed!.\u00bb<\/p>\n\n\n\n<figure class=\"wp-block-gallery has-nested-images columns-default is-cropped wp-block-gallery-1 is-layout-flex wp-block-gallery-is-layout-flex\">\n<figure class=\"wp-block-image size-large\"><img fetchpriority=\"high\" decoding=\"async\" width=\"683\" height=\"1024\" data-id=\"256\" src=\"https:\/\/jjprofesor.com.co\/awanga\/wp-content\/uploads\/2025\/04\/La-moledora-683x1024.png\" alt=\"\" class=\"wp-image-256\" srcset=\"https:\/\/jjprofesor.com.co\/awanga\/wp-content\/uploads\/2025\/04\/La-moledora-683x1024.png 683w, https:\/\/jjprofesor.com.co\/awanga\/wp-content\/uploads\/2025\/04\/La-moledora-200x300.png 200w, https:\/\/jjprofesor.com.co\/awanga\/wp-content\/uploads\/2025\/04\/La-moledora-768x1152.png 768w, https:\/\/jjprofesor.com.co\/awanga\/wp-content\/uploads\/2025\/04\/La-moledora.png 1024w\" sizes=\"(max-width: 683px) 100vw, 683px\" \/><\/figure>\n<\/figure>\n\n\n\n<p><strong>Benavides Mora, J. H., Espinoza Rosero, C. J., &amp; Portilla Melo, S. A.<\/strong> (2004). <em>Mitos y leyendas de la regi\u00f3n andina de Nari\u00f1o para el imaginario infantil. Aplicaci\u00f3n multimedial.<\/em> Universidad de Nari\u00f1o.<\/p>\n\n\n\n<p><\/p>\n","protected":false},"excerpt":{"rendered":"<p>\u00ab\u00a1pues la historia de la Moledora, yo no la se muy bien, pero mi pap\u00e1 ha contado, que anteriormente aqu\u00ed ha vivido una se\u00f1ora, ella ha tenido un hermano sencillo&hellip;<\/p>\n","protected":false},"author":1,"featured_media":0,"parent":0,"menu_order":0,"comment_status":"closed","ping_status":"closed","template":"","meta":{"footnotes":""},"class_list":["post-229","page","type-page","status-publish","hentry"],"_links":{"self":[{"href":"https:\/\/jjprofesor.com.co\/awanga\/index.php?rest_route=\/wp\/v2\/pages\/229","targetHints":{"allow":["GET"]}}],"collection":[{"href":"https:\/\/jjprofesor.com.co\/awanga\/index.php?rest_route=\/wp\/v2\/pages"}],"about":[{"href":"https:\/\/jjprofesor.com.co\/awanga\/index.php?rest_route=\/wp\/v2\/types\/page"}],"author":[{"embeddable":true,"href":"https:\/\/jjprofesor.com.co\/awanga\/index.php?rest_route=\/wp\/v2\/users\/1"}],"replies":[{"embeddable":true,"href":"https:\/\/jjprofesor.com.co\/awanga\/index.php?rest_route=%2Fwp%2Fv2%2Fcomments&post=229"}],"version-history":[{"count":5,"href":"https:\/\/jjprofesor.com.co\/awanga\/index.php?rest_route=\/wp\/v2\/pages\/229\/revisions"}],"predecessor-version":[{"id":445,"href":"https:\/\/jjprofesor.com.co\/awanga\/index.php?rest_route=\/wp\/v2\/pages\/229\/revisions\/445"}],"wp:attachment":[{"href":"https:\/\/jjprofesor.com.co\/awanga\/index.php?rest_route=%2Fwp%2Fv2%2Fmedia&parent=229"}],"curies":[{"name":"wp","href":"https:\/\/api.w.org\/{rel}","templated":true}]}}