{"id":208,"date":"2025-04-01T03:26:57","date_gmt":"2025-04-01T03:26:57","guid":{"rendered":"https:\/\/jjprofesor.com.co\/awanga\/?page_id=208"},"modified":"2025-04-21T02:07:16","modified_gmt":"2025-04-21T02:07:16","slug":"leyenda-de-la-laguna-de-la-cocha","status":"publish","type":"page","link":"https:\/\/jjprofesor.com.co\/awanga\/?page_id=208","title":{"rendered":"Leyenda de la laguna de La Cocha"},"content":{"rendered":"\n<div class=\"wp-block-columns is-layout-flex wp-container-core-columns-is-layout-9d6595d7 wp-block-columns-is-layout-flex\">\n<div class=\"wp-block-column is-layout-flow wp-block-column-is-layout-flow\" style=\"flex-basis:100%\">\n<div class=\"wp-block-group is-nowrap is-layout-flex wp-container-core-group-is-layout-ad2f72ca wp-block-group-is-layout-flex\">\n<div class=\"wp-block-media-text is-stacked-on-mobile\"><figure class=\"wp-block-media-text__media\"><img fetchpriority=\"high\" decoding=\"async\" width=\"1024\" height=\"1024\" src=\"https:\/\/jjprofesor.com.co\/awanga\/wp-content\/uploads\/2025\/04\/Gemini_Generated_Image_p85ztup85ztup85z-1024x1024.jpeg\" alt=\"\" class=\"wp-image-334 size-full\" srcset=\"https:\/\/jjprofesor.com.co\/awanga\/wp-content\/uploads\/2025\/04\/Gemini_Generated_Image_p85ztup85ztup85z-1024x1024.jpeg 1024w, https:\/\/jjprofesor.com.co\/awanga\/wp-content\/uploads\/2025\/04\/Gemini_Generated_Image_p85ztup85ztup85z-300x300.jpeg 300w, https:\/\/jjprofesor.com.co\/awanga\/wp-content\/uploads\/2025\/04\/Gemini_Generated_Image_p85ztup85ztup85z-150x150.jpeg 150w, https:\/\/jjprofesor.com.co\/awanga\/wp-content\/uploads\/2025\/04\/Gemini_Generated_Image_p85ztup85ztup85z-768x768.jpeg 768w, https:\/\/jjprofesor.com.co\/awanga\/wp-content\/uploads\/2025\/04\/Gemini_Generated_Image_p85ztup85ztup85z-1536x1536.jpeg 1536w, https:\/\/jjprofesor.com.co\/awanga\/wp-content\/uploads\/2025\/04\/Gemini_Generated_Image_p85ztup85ztup85z.jpeg 2048w\" sizes=\"(max-width: 1024px) 100vw, 1024px\" \/><\/figure><div class=\"wp-block-media-text__content\">\n<p class=\"has-medium-font-size\"><strong>El cacique Pucara, cuyo nombre significa Fortaleza, estaba enamorado de la princesa Lluvia de Estrellas, logr\u00f3 conquistarla y formar con ella un hogar donde nacieron tres hijos: Lucero, Estrella y Viento. Los cinco viv\u00edan muy felices en ese valle de los Andes que albergaba a siete sobresalientes ciudades, seg\u00fan testimonio tradicional de los viejos pobladores del sector.<\/strong><\/p>\n<\/div><\/div>\n<\/div>\n<\/div>\n<\/div>\n\n\n\n<p class=\"has-black-color has-text-color has-link-color has-medium-font-size wp-elements-c03e3e1cea23ded3c0c6b812cfd07fea\">Dice la leyenda, que no pod\u00eda faltar en ninguna armon\u00eda social y familiar la presencia de maldad y envidia, y as\u00ed fue que durante una de las fiestas del Baile del Sol, cuando ya los ni\u00f1os de Lluvia de Estrellas estaban grandecitos, Fortaleza invit\u00f3 y llev\u00f3 a su esposa a una de las siete ciudades donde celebraban las mejores fiestas en honor del dios Sol, all\u00ed se divirtieron mucho hasta el amanecer.<\/p>\n\n\n\n<p class=\"has-black-color has-text-color has-link-color has-medium-font-size wp-elements-7827f4c4956aa362b3ee6daa3ade15ee\">Narran que Munani (el amante), era el bailar\u00edn principal de la comparsa del festejo, impresion\u00f3&nbsp; grandemente al p\u00fablico en general, pero de manera particular dej\u00f3 caer su gracia y su encanto en la princesa Tamia o Lluvia de Estrellas.<br>Para la princesa Lluvia de Estrellas, los d\u00edas a partir de aquella fiesta no fueron los mismos, pensaba en el danzante Munani. Un d\u00eda, cuando Pucara no se encontraba en casa, lleg\u00f3 Munani a buscar a Tamia, \u00e9sta sali\u00f3 y regocijada atendi\u00f3 al danzante, quien definitivamente hab\u00eda impactado en su coraz\u00f3n. Besos y abrazos se dieron los nuevos amantes. Concertando citas a partir del momento, acordaron un d\u00eda romper con su silencio y decirles a todo el pueblo lo que estaba sucediendo.<br>Dicen que cuando la gente se dio cuenta de que Tamia y Munani estaban enamorados, Pucara se entristeci\u00f3, acab\u00f3&nbsp; con su liderazgo y no queriendo estorbar en el camino de los nuevos amantes, se fue a la monta\u00f1a con sus tres hijos y comenz\u00f3 a criar y cuidar insectos.<\/p>\n\n\n\n<p class=\"has-black-color has-text-color has-link-color has-medium-font-size wp-elements-84c8086f5ed15af9f286cef666ec4d09\">Tamia y Munani comenzaron a andar sin restricci\u00f3n alguna por entre las siete ciudades, se entregaron al amor y la diversi\u00f3n sin ninguna restricci\u00f3n, situaci\u00f3n que escandaliz\u00f3 a la comunidad entera, obligando a las personas a no prestar ninguna clase de servicio a los nuevos amantes.<\/p>\n\n\n\n<p class=\"has-black-color has-text-color has-link-color has-medium-font-size wp-elements-915751417a7c20262a49ca5d833f48f7\">Dicen que un d\u00eda, golpeando de puerta en puerta, ped\u00edan que les regalaran un pilche (totuma o mate) con agua y nadie respond\u00eda a su llamado. Hasta cuando se encontraron con un ni\u00f1o, a quien enga\u00f1aron con la entrega de un pedazo de pan, logrando el pilche con agua.<\/p>\n\n\n\n<p class=\"has-black-color has-text-color has-link-color has-medium-font-size wp-elements-bc4190f6cc745080f1ec02ac03b487b7\">Los dos enamorados, se acostaron en un potrero cercano y dejaron el pilche con agua a sus pies, y el hombre lo reg\u00f3. No se dio cuenta que el agua derramada de la totuma comenzaba a crecer hasta que pr\u00e1cticamente los estaba ahogando; en ese momento, lleg\u00f3 un insecto, de los que Pucara criaba y cuidaba con sus tres hijos, lo pic\u00f3 y lo hizo botar abundante agua por la boca y nariz.<\/p>\n\n\n\n<p class=\"has-black-color has-text-color has-link-color has-medium-font-size wp-elements-b5c10a149dc9486e4dc2565ed7fb37f1\">Era tan grande su caudal que r\u00e1pidamente inund\u00f3 la totalidad del valle, quedando bajo el agua las siete ciudades. Cuentan algunos pobladores, que un sonido de campana fue lo \u00faltimo que se escuch\u00f3 sobre ese sector que hoy conocemos como el Lago Guamuez o Laguna de La Cocha.<\/p>\n\n\n\n<p class=\"has-black-color has-text-color has-link-color has-medium-font-size wp-elements-b16e86e7a23471edde63f4fba5095e49\">Pucara, que asombrado y entristecido observaba desde la monta\u00f1a con sus hijos el encantamiento del lugar, llor\u00f3 tristemente su desgracia, se acogi\u00f3 cari\u00f1osamente a sus tres hijos y se qued\u00f3 petrificado para siempre en la monta\u00f1a que lleva el nombre del insecto que pic\u00f3 a su rival, !El T\u00e1bano!<\/p>\n\n\n\n<p class=\"has-black-color has-text-color has-link-color has-medium-font-size wp-elements-aba02822addc7142f31136eef448c828\">Cuenta la tradici\u00f3n popular que cuando Pucara recuerda la traici\u00f3n de Tamia con Munami, llora tristemente en medio de rayos y centellas, y sus l\u00e1grimas aumentan el caudal de la laguna, causando grandes estragos a los pobladores de las orillas de la cocha. (<em>Leyenda de la laguna La Cocha &#8211; Nari\u00f1o<\/em>, s.&nbsp;f.)<\/p>\n\n\n\n<p><em>Leyenda de la laguna La Cocha\u2014Nari\u00f1o<\/em>. (s.&nbsp;f.). Secretar\u00eda de Cultura, Recreaci\u00f3n y Deporte. Recuperado 1 de abril de 2025, de https:\/\/culturarecreacionydeporte.gov.co\/es\/bogotanitos\/cuenta-la-leyenda\/leyenda-de-la-laguna-la-cocha-narino<\/p>\n\n\n\n<div class=\"wp-block-group alignfull\"><div class=\"wp-block-group__inner-container is-layout-constrained wp-block-group-is-layout-constrained\">\n<div class=\"wp-block-cover alignfull\" style=\"margin-top:0;min-height:40vw;aspect-ratio:unset;\"><span aria-hidden=\"true\" class=\"wp-block-cover__background has-black-background-color has-background-dim-0 has-background-dim\"><\/span><img decoding=\"async\" width=\"2048\" height=\"2048\" class=\"wp-block-cover__image-background wp-image-339\" alt=\"\" src=\"https:\/\/jjprofesor.com.co\/awanga\/wp-content\/uploads\/2025\/04\/Gemini_Generated_Image_cvo3sdcvo3sdcvo3-1.jpeg\" data-object-fit=\"cover\" srcset=\"https:\/\/jjprofesor.com.co\/awanga\/wp-content\/uploads\/2025\/04\/Gemini_Generated_Image_cvo3sdcvo3sdcvo3-1.jpeg 2048w, https:\/\/jjprofesor.com.co\/awanga\/wp-content\/uploads\/2025\/04\/Gemini_Generated_Image_cvo3sdcvo3sdcvo3-1-300x300.jpeg 300w, https:\/\/jjprofesor.com.co\/awanga\/wp-content\/uploads\/2025\/04\/Gemini_Generated_Image_cvo3sdcvo3sdcvo3-1-1024x1024.jpeg 1024w, https:\/\/jjprofesor.com.co\/awanga\/wp-content\/uploads\/2025\/04\/Gemini_Generated_Image_cvo3sdcvo3sdcvo3-1-150x150.jpeg 150w, https:\/\/jjprofesor.com.co\/awanga\/wp-content\/uploads\/2025\/04\/Gemini_Generated_Image_cvo3sdcvo3sdcvo3-1-768x768.jpeg 768w, https:\/\/jjprofesor.com.co\/awanga\/wp-content\/uploads\/2025\/04\/Gemini_Generated_Image_cvo3sdcvo3sdcvo3-1-1536x1536.jpeg 1536w\" sizes=\"(max-width: 2048px) 100vw, 2048px\" \/><div class=\"wp-block-cover__inner-container is-layout-flow wp-block-cover-is-layout-flow\">\n<div style=\"height:50px\" aria-hidden=\"true\" class=\"wp-block-spacer\"><\/div>\n<\/div><\/div>\n<\/div><\/div>\n","protected":false},"excerpt":{"rendered":"<p>El cacique Pucara, cuyo nombre significa Fortaleza, estaba enamorado de la princesa Lluvia de Estrellas, logr\u00f3 conquistarla y formar con ella un hogar donde nacieron tres hijos: Lucero, Estrella y&hellip;<\/p>\n","protected":false},"author":4,"featured_media":0,"parent":0,"menu_order":0,"comment_status":"closed","ping_status":"closed","template":"","meta":{"footnotes":""},"class_list":["post-208","page","type-page","status-publish","hentry"],"_links":{"self":[{"href":"https:\/\/jjprofesor.com.co\/awanga\/index.php?rest_route=\/wp\/v2\/pages\/208","targetHints":{"allow":["GET"]}}],"collection":[{"href":"https:\/\/jjprofesor.com.co\/awanga\/index.php?rest_route=\/wp\/v2\/pages"}],"about":[{"href":"https:\/\/jjprofesor.com.co\/awanga\/index.php?rest_route=\/wp\/v2\/types\/page"}],"author":[{"embeddable":true,"href":"https:\/\/jjprofesor.com.co\/awanga\/index.php?rest_route=\/wp\/v2\/users\/4"}],"replies":[{"embeddable":true,"href":"https:\/\/jjprofesor.com.co\/awanga\/index.php?rest_route=%2Fwp%2Fv2%2Fcomments&post=208"}],"version-history":[{"count":11,"href":"https:\/\/jjprofesor.com.co\/awanga\/index.php?rest_route=\/wp\/v2\/pages\/208\/revisions"}],"predecessor-version":[{"id":444,"href":"https:\/\/jjprofesor.com.co\/awanga\/index.php?rest_route=\/wp\/v2\/pages\/208\/revisions\/444"}],"wp:attachment":[{"href":"https:\/\/jjprofesor.com.co\/awanga\/index.php?rest_route=%2Fwp%2Fv2%2Fmedia&parent=208"}],"curies":[{"name":"wp","href":"https:\/\/api.w.org\/{rel}","templated":true}]}}