{"id":199,"date":"2025-04-01T03:02:08","date_gmt":"2025-04-01T03:02:08","guid":{"rendered":"https:\/\/jjprofesor.com.co\/awanga\/?page_id=199"},"modified":"2025-04-21T02:05:41","modified_gmt":"2025-04-21T02:05:41","slug":"mitos-y-leyendas","status":"publish","type":"page","link":"https:\/\/jjprofesor.com.co\/awanga\/?page_id=199","title":{"rendered":"Mitos y Leyendas"},"content":{"rendered":"\n<p class=\"has-x-large-font-size\">El Padre Descabezado<\/p>\n\n\n\n<p class=\"has-black-color has-text-color has-link-color has-medium-font-size wp-elements-a85ebc8f6b5fbaf53c8164dbf4bd57cf\">Carlos Alberto, mir\u00f3 de reojo su reloj y precipitadamente se levant\u00f3 del mullido sill\u00f3n donde libaba unos tragos en compa\u00f1\u00eda de una grata y concupiscente mujer, tom\u00f3 su abrigo y sali\u00f3 a la calle, ya bajo el umbral de la puerta mir\u00f3 a uno y a otro lado de la oscura calle, nada o casi nada observ\u00f3 en medio de la tenue luz del deficiente alumbrado p\u00fablico del sector. Se levant\u00f3 las solapas del sobre todo para cubrirse un poco de la heladez de aquella noche y comenz\u00f3 a caminar pausadamente hacia la parte baja y central de la ciudad.<\/p>\n\n\n\n<div class=\"wp-block-buttons is-layout-flex wp-block-buttons-is-layout-flex\">\n<div class=\"wp-block-button\"><a class=\"wp-block-button__link has-vivid-cyan-blue-background-color has-background wp-element-button\" href=\"https:\/\/jjprofesor.com.co\/awanga\/?page_id=184\">M\u00e1s&#8230;<\/a><\/div>\n<\/div>\n\n\n\n<p class=\"has-large-font-size\">La Leyenda del Monasterio Embrujado<\/p>\n\n\n\n<p class=\"has-black-color has-text-color has-link-color has-medium-font-size wp-elements-542929071b18c392cd50b777e4f7045e\">En una de las orillas de la laguna, existi\u00f3 un antiguo monasterio habitado por monjes que llevaban una vida de retiro y oraci\u00f3n. Sin embargo, con el paso del tiempo, los monjes comenzaron a comportarse de manera extra\u00f1a. Los pobladores cercanos afirmaban escuchar c\u00e1nticos l\u00fagubres en la noche y ver sombras moverse por el monasterio, incluso cuando se supon\u00eda que todos dorm\u00edan.<\/p>\n\n\n\n<div class=\"wp-block-buttons is-layout-flex wp-block-buttons-is-layout-flex\">\n<div class=\"wp-block-button\"><a class=\"wp-block-button__link has-vivid-cyan-blue-background-color has-background wp-element-button\" href=\"https:\/\/jjprofesor.com.co\/awanga\/?page_id=150\">M\u00e1s&#8230;<\/a><\/div>\n<\/div>\n\n\n\n<p class=\"has-large-font-size\">El Puente de Oro de la Cocha<\/p>\n\n\n\n<p class=\"has-black-color has-text-color has-link-color has-medium-font-size wp-elements-31e85b2f75e722175471e1307e55ac38\">En las monta\u00f1as de Nari\u00f1o, envuelta en brumas y silencio, yace la Laguna de La Cocha, hogar de innumerables leyendas. Entre ellas, destaca la historia del Puente de Oro, una maravilla creada por una civilizaci\u00f3n ancestral que habit\u00f3 sus orillas. Se dice que estos sabios, en armon\u00eda con la naturaleza y conocedores de los astros, construyeron un puente resplandeciente de oro puro, que no solo un\u00eda ambas orillas de la laguna, sino que serv\u00eda como portal hacia el mundo de los esp\u00edritus. Solo aquellos de coraz\u00f3n puro pod\u00edan atravesarlo sin temor, pues el puente distingu\u00eda a quienes eran dignos de pisarlo.<\/p>\n\n\n\n<div class=\"wp-block-buttons is-layout-flex wp-block-buttons-is-layout-flex\">\n<div class=\"wp-block-button\"><a class=\"wp-block-button__link has-vivid-cyan-blue-background-color has-background wp-element-button\" href=\"https:\/\/jjprofesor.com.co\/awanga\/?page_id=155\">M\u00e1s&#8230;<\/a><\/div>\n<\/div>\n\n\n\n<p class=\"has-large-font-size\">El danzante y la princesa<\/p>\n\n\n\n<p class=\"has-black-color has-text-color has-link-color has-medium-font-size wp-elements-a996ea6bf98c63527d5472e10dd80d51\">Cuenta el mito de la laguna de la cocha, que en los Valles de Los Andes existi\u00f3 un hermoso para\u00edso conformado por 7 grandes ciudades, sus habitantes viv\u00edan en una perfecta armon\u00eda y, una familia en particular, era la protagonista entre sus pobladores, constituida por el Cacique Pucara, la princesa Tamia y sus tres hijos: El cacique, un hombre atractivo, corpulento, fuerte, lleno de poder y riqueza y la princesa, cuya belleza deslumbraba al comp\u00e1s de su picard\u00eda y noble personalidad.<\/p>\n\n\n\n<div class=\"wp-block-buttons is-layout-flex wp-block-buttons-is-layout-flex\">\n<div class=\"wp-block-button\"><a class=\"wp-block-button__link has-vivid-cyan-blue-background-color has-background wp-element-button\" href=\"https:\/\/jjprofesor.com.co\/awanga\/?page_id=108\">M\u00e1s&#8230;<\/a><\/div>\n<\/div>\n\n\n\n<p class=\"has-large-font-size\">La leyenda de Pucara y Tamia<\/p>\n\n\n\n<p class=\"has-black-color has-text-color has-link-color has-medium-font-size wp-elements-fabdf7ccba48f1c9a2d589df82bb6120\">Seg\u00fan la tradici\u00f3n, en un f\u00e9rtil valle andino exist\u00edan siete pr\u00f3speras ciudades donde viv\u00edan el cacique Pucara, cuyo nombre significa \u00abFortaleza\u00bb, y la princesa Tamia, que significa \u00abLluvia de Estrellas\u00bb. <\/p>\n\n\n\n<div class=\"wp-block-buttons is-layout-flex wp-block-buttons-is-layout-flex\">\n<div class=\"wp-block-button\"><a class=\"wp-block-button__link has-vivid-cyan-blue-background-color has-background wp-element-button\" href=\"https:\/\/jjprofesor.com.co\/awanga\/?page_id=181\">M\u00e1s&#8230;<\/a><\/div>\n<\/div>\n\n\n\n<p class=\"has-large-font-size\">La Moledora<\/p>\n\n\n\n<p class=\"has-black-color has-text-color has-link-color has-medium-font-size wp-elements-17418dd7b127932a9e1dc09433c5bbc4\">En lo profundo de las monta\u00f1as de Nari\u00f1o, en un peque\u00f1o pueblo rodeado de ca\u00f1aduzales, hab\u00eda un molino que funcionaba desde tiempos coloniales. Su m\u00e1quina principal, una vieja <strong>moledora de ca\u00f1a<\/strong>, ten\u00eda fama de ser la m\u00e1s poderosa de la regi\u00f3n. Sus enormes engranajes trituraban con facilidad los tallos de ca\u00f1a, extrayendo el dulce jugo que luego se convertir\u00eda en panela.<\/p>\n\n\n\n<div class=\"wp-block-buttons is-layout-flex wp-block-buttons-is-layout-flex\">\n<div class=\"wp-block-button\"><a class=\"wp-block-button__link has-vivid-cyan-blue-background-color has-background wp-element-button\" href=\"https:\/\/jjprofesor.com.co\/awanga\/?page_id=229\">M\u00e1s&#8230;<\/a><\/div>\n<\/div>\n\n\n\n<p class=\"has-large-font-size\">Leyenda de la laguna de La Cocha<\/p>\n\n\n\n<p class=\"has-black-color has-text-color has-link-color has-medium-font-size wp-elements-ac36e7348ce3058c7402b788e8c89c43\">El cacique Pucara, cuyo nombre significa Fortaleza, estaba enamorado de la princesa Lluvia de Estrellas, logr\u00f3 conquistarla y formar con ella un hogar donde nacieron tres hijos: Lucero, Estrella y Viento. Los cinco viv\u00edan muy felices en ese valle de los Andes que albergaba a siete sobresalientes ciudades, seg\u00fan testimonio tradicional de los viejos pobladores del sector.<\/p>\n\n\n\n<div class=\"wp-block-buttons is-layout-flex wp-block-buttons-is-layout-flex\">\n<div class=\"wp-block-button\"><a class=\"wp-block-button__link has-vivid-cyan-blue-background-color has-background wp-element-button\" href=\"https:\/\/jjprofesor.com.co\/awanga\/?page_id=208\">M\u00e1s&#8230;<\/a><\/div>\n<\/div>\n\n\n\n<p><\/p>\n","protected":false},"excerpt":{"rendered":"<p>El Padre Descabezado Carlos Alberto, mir\u00f3 de reojo su reloj y precipitadamente se levant\u00f3 del mullido sill\u00f3n donde libaba unos tragos en compa\u00f1\u00eda de una grata y concupiscente mujer, tom\u00f3&hellip;<\/p>\n","protected":false},"author":3,"featured_media":0,"parent":0,"menu_order":0,"comment_status":"closed","ping_status":"closed","template":"","meta":{"footnotes":""},"class_list":["post-199","page","type-page","status-publish","hentry"],"_links":{"self":[{"href":"https:\/\/jjprofesor.com.co\/awanga\/index.php?rest_route=\/wp\/v2\/pages\/199","targetHints":{"allow":["GET"]}}],"collection":[{"href":"https:\/\/jjprofesor.com.co\/awanga\/index.php?rest_route=\/wp\/v2\/pages"}],"about":[{"href":"https:\/\/jjprofesor.com.co\/awanga\/index.php?rest_route=\/wp\/v2\/types\/page"}],"author":[{"embeddable":true,"href":"https:\/\/jjprofesor.com.co\/awanga\/index.php?rest_route=\/wp\/v2\/users\/3"}],"replies":[{"embeddable":true,"href":"https:\/\/jjprofesor.com.co\/awanga\/index.php?rest_route=%2Fwp%2Fv2%2Fcomments&post=199"}],"version-history":[{"count":9,"href":"https:\/\/jjprofesor.com.co\/awanga\/index.php?rest_route=\/wp\/v2\/pages\/199\/revisions"}],"predecessor-version":[{"id":442,"href":"https:\/\/jjprofesor.com.co\/awanga\/index.php?rest_route=\/wp\/v2\/pages\/199\/revisions\/442"}],"wp:attachment":[{"href":"https:\/\/jjprofesor.com.co\/awanga\/index.php?rest_route=%2Fwp%2Fv2%2Fmedia&parent=199"}],"curies":[{"name":"wp","href":"https:\/\/api.w.org\/{rel}","templated":true}]}}