{"id":181,"date":"2025-04-01T03:02:27","date_gmt":"2025-04-01T03:02:27","guid":{"rendered":"https:\/\/jjprofesor.com.co\/awanga\/?page_id=181"},"modified":"2025-04-21T02:18:11","modified_gmt":"2025-04-21T02:18:11","slug":"la-leyenda-de-pucara-y-tamia","status":"publish","type":"page","link":"https:\/\/jjprofesor.com.co\/awanga\/?page_id=181","title":{"rendered":"La leyenda de Pucara y Tamia"},"content":{"rendered":"\n<p class=\"has-black-color has-text-color has-link-color has-medium-font-size wp-elements-6fb0a8f4bdd51ab66a48c1b1b90b69b6\">Hace mucho tiempo, en un hermoso valle de los Andes, viv\u00edan el cacique Pucara, cuyo nombre significa \u00abFortaleza\u00bb, y su esposa, la princesa Tamia, tambi\u00e9n conocida como \u00abLluvia de Estrellas\u00bb. Juntos ten\u00edan tres hijos: Lucero, Estrella y Viento. La familia disfrutaba de una vida feliz en un lugar pr\u00f3spero que albergaba siete ciudades destacadas.\u200b<\/p>\n\n\n\n<p class=\"has-black-color has-text-color has-link-color has-medium-font-size wp-elements-91396c5a85ecb97f497ba13a79ea533d\">Un d\u00eda, durante una gran fiesta en honor al dios Sol, Pucara llev\u00f3 a Tamia a una de las ciudades para celebrar. En medio de la festividad, un bailar\u00edn llamado Munani impresion\u00f3 a todos con su danza, pero especialmente captur\u00f3 la atenci\u00f3n de Tamia. Desde ese momento, ella no pudo dejar de pensar en \u00e9l.\u200b<\/p>\n\n\n\n<figure class=\"wp-block-image size-full\"><img fetchpriority=\"high\" decoding=\"async\" width=\"1120\" height=\"1120\" src=\"https:\/\/jjprofesor.com.co\/awanga\/wp-content\/uploads\/2025\/04\/Leonardo_Phoenix_10_Generate_an_image_with_this_textThe_Legend_0.jpg\" alt=\"\" class=\"wp-image-331\" style=\"aspect-ratio:1;object-fit:cover\" srcset=\"https:\/\/jjprofesor.com.co\/awanga\/wp-content\/uploads\/2025\/04\/Leonardo_Phoenix_10_Generate_an_image_with_this_textThe_Legend_0.jpg 1120w, https:\/\/jjprofesor.com.co\/awanga\/wp-content\/uploads\/2025\/04\/Leonardo_Phoenix_10_Generate_an_image_with_this_textThe_Legend_0-300x300.jpg 300w, https:\/\/jjprofesor.com.co\/awanga\/wp-content\/uploads\/2025\/04\/Leonardo_Phoenix_10_Generate_an_image_with_this_textThe_Legend_0-1024x1024.jpg 1024w, https:\/\/jjprofesor.com.co\/awanga\/wp-content\/uploads\/2025\/04\/Leonardo_Phoenix_10_Generate_an_image_with_this_textThe_Legend_0-150x150.jpg 150w, https:\/\/jjprofesor.com.co\/awanga\/wp-content\/uploads\/2025\/04\/Leonardo_Phoenix_10_Generate_an_image_with_this_textThe_Legend_0-768x768.jpg 768w\" sizes=\"(max-width: 1120px) 100vw, 1120px\" \/><\/figure>\n\n\n\n<p class=\"has-black-color has-text-color has-link-color has-medium-font-size wp-elements-1832e95311f1af2ba9705429bd59c6b4\">Aprovechando una ocasi\u00f3n en que Pucara estaba ausente, Munani visit\u00f3 a Tamia y ambos comenzaron un romance secreto. Con el tiempo, su amor se hizo p\u00fablico, causando esc\u00e1ndalo en la comunidad. Pucara, triste y desilusionado, decidi\u00f3 dejar su posici\u00f3n de l\u00edder y se retir\u00f3 a las monta\u00f1as con sus hijos, dedic\u00e1ndose a criar insectos.\u200b<\/p>\n\n\n\n<p class=\"has-black-color has-text-color has-link-color has-medium-font-size wp-elements-1ba6860bd8506a1c146b24ecb051f50a\">Mientras tanto, Tamia y Munani disfrutaban de su amor sin restricciones, pero la gente del valle los rechazaba y se negaba a ayudarlos. Un d\u00eda, sedientos, pidieron agua de casa en casa, pero nadie les respondi\u00f3. Finalmente, enga\u00f1aron a un ni\u00f1o para que les diera una totuma (un recipiente) con agua. Despu\u00e9s de beber, se acostaron en un campo y dejaron la totuma a sus pies. Sin darse cuenta, el agua comenz\u00f3 a derramarse y a crecer r\u00e1pidamente, inundando todo el valle y sumergiendo las siete ciudades. Se dice que este evento dio origen a la Laguna de La Cocha.\u200b<\/p>\n\n\n\n<figure class=\"wp-block-image size-large is-style-default\"><img decoding=\"async\" width=\"1024\" height=\"1024\" src=\"https:\/\/jjprofesor.com.co\/awanga\/wp-content\/uploads\/2025\/04\/Gemini_Generated_Image_9iyrtt9iyrtt9iyr-1-1024x1024.jpg\" alt=\"\" class=\"wp-image-191\" srcset=\"https:\/\/jjprofesor.com.co\/awanga\/wp-content\/uploads\/2025\/04\/Gemini_Generated_Image_9iyrtt9iyrtt9iyr-1-1024x1024.jpg 1024w, https:\/\/jjprofesor.com.co\/awanga\/wp-content\/uploads\/2025\/04\/Gemini_Generated_Image_9iyrtt9iyrtt9iyr-1-300x300.jpg 300w, https:\/\/jjprofesor.com.co\/awanga\/wp-content\/uploads\/2025\/04\/Gemini_Generated_Image_9iyrtt9iyrtt9iyr-1-150x150.jpg 150w, https:\/\/jjprofesor.com.co\/awanga\/wp-content\/uploads\/2025\/04\/Gemini_Generated_Image_9iyrtt9iyrtt9iyr-1-768x768.jpg 768w, https:\/\/jjprofesor.com.co\/awanga\/wp-content\/uploads\/2025\/04\/Gemini_Generated_Image_9iyrtt9iyrtt9iyr-1-1536x1536.jpg 1536w, https:\/\/jjprofesor.com.co\/awanga\/wp-content\/uploads\/2025\/04\/Gemini_Generated_Image_9iyrtt9iyrtt9iyr-1.jpg 2048w\" sizes=\"(max-width: 1024px) 100vw, 1024px\" \/><\/figure>\n\n\n\n<p class=\"has-black-color has-text-color has-link-color has-medium-font-size wp-elements-ea4a56c03aff9327ca32a0d4c8fa3eb6\">Desde entonces, seg\u00fan la leyenda, cuando Pucara recuerda la traici\u00f3n de Tamia, llora amargamente desde la monta\u00f1a, y sus l\u00e1grimas hacen que la laguna crezca, causando inundaciones en las orillas. (Secretar\u00eda de Cultura, Recreaci\u00f3n y Deporte, s.f.)<\/p>\n\n\n\n<div class=\"wp-block-group is-vertical is-layout-flex wp-container-core-group-is-layout-8cf370e7 wp-block-group-is-layout-flex\">\n<p>Secretar\u00eda de Cultura, Recreaci\u00f3n y Deporte de Bogot\u00e1. (s.f.). <em>Leyenda de la laguna La Cocha &#8211; Nari\u00f1o<\/em>. Recuperado de <a href=\"https:\/\/culturarecreacionydeporte.gov.co\/es\/bogotanitos\/cuenta-la-leyenda\/leyenda-de-la-laguna-la-cocha-narino\">https:\/\/culturarecreacionydeporte.gov.co\/es\/bogotanitos\/cuenta-la-leyenda\/leyenda-de-la-laguna-la-cocha-narino<\/a><\/p>\n<\/div>\n","protected":false},"excerpt":{"rendered":"<p>Hace mucho tiempo, en un hermoso valle de los Andes, viv\u00edan el cacique Pucara, cuyo nombre significa \u00abFortaleza\u00bb, y su esposa, la princesa Tamia, tambi\u00e9n conocida como \u00abLluvia de Estrellas\u00bb.&hellip;<\/p>\n","protected":false},"author":8,"featured_media":0,"parent":0,"menu_order":0,"comment_status":"closed","ping_status":"closed","template":"","meta":{"footnotes":""},"class_list":["post-181","page","type-page","status-publish","hentry"],"_links":{"self":[{"href":"https:\/\/jjprofesor.com.co\/awanga\/index.php?rest_route=\/wp\/v2\/pages\/181","targetHints":{"allow":["GET"]}}],"collection":[{"href":"https:\/\/jjprofesor.com.co\/awanga\/index.php?rest_route=\/wp\/v2\/pages"}],"about":[{"href":"https:\/\/jjprofesor.com.co\/awanga\/index.php?rest_route=\/wp\/v2\/types\/page"}],"author":[{"embeddable":true,"href":"https:\/\/jjprofesor.com.co\/awanga\/index.php?rest_route=\/wp\/v2\/users\/8"}],"replies":[{"embeddable":true,"href":"https:\/\/jjprofesor.com.co\/awanga\/index.php?rest_route=%2Fwp%2Fv2%2Fcomments&post=181"}],"version-history":[{"count":7,"href":"https:\/\/jjprofesor.com.co\/awanga\/index.php?rest_route=\/wp\/v2\/pages\/181\/revisions"}],"predecessor-version":[{"id":448,"href":"https:\/\/jjprofesor.com.co\/awanga\/index.php?rest_route=\/wp\/v2\/pages\/181\/revisions\/448"}],"wp:attachment":[{"href":"https:\/\/jjprofesor.com.co\/awanga\/index.php?rest_route=%2Fwp%2Fv2%2Fmedia&parent=181"}],"curies":[{"name":"wp","href":"https:\/\/api.w.org\/{rel}","templated":true}]}}