{"id":150,"date":"2025-04-01T02:52:20","date_gmt":"2025-04-01T02:52:20","guid":{"rendered":"https:\/\/jjprofesor.com.co\/awanga\/?page_id=150"},"modified":"2025-04-21T02:13:58","modified_gmt":"2025-04-21T02:13:58","slug":"la-leyenda-del-monasterio-embrujado","status":"publish","type":"page","link":"https:\/\/jjprofesor.com.co\/awanga\/?page_id=150","title":{"rendered":"La Leyenda del Monasterio Embrujado"},"content":{"rendered":"\n<p><\/p>\n\n\n\n<div class=\"wp-block-media-text is-stacked-on-mobile\" style=\"grid-template-columns:56% auto\"><figure class=\"wp-block-media-text__media\"><img fetchpriority=\"high\" decoding=\"async\" width=\"1024\" height=\"683\" src=\"http:\/\/jjprofesor.com.co\/awanga\/wp-content\/uploads\/2025\/04\/ChatGPT-Image-31-mar-2025-10_14_37-p.m-1-1024x683.png\" alt=\"\" class=\"wp-image-239 size-full\" srcset=\"https:\/\/jjprofesor.com.co\/awanga\/wp-content\/uploads\/2025\/04\/ChatGPT-Image-31-mar-2025-10_14_37-p.m-1-1024x683.png 1024w, https:\/\/jjprofesor.com.co\/awanga\/wp-content\/uploads\/2025\/04\/ChatGPT-Image-31-mar-2025-10_14_37-p.m-1-300x200.png 300w, https:\/\/jjprofesor.com.co\/awanga\/wp-content\/uploads\/2025\/04\/ChatGPT-Image-31-mar-2025-10_14_37-p.m-1-768x512.png 768w, https:\/\/jjprofesor.com.co\/awanga\/wp-content\/uploads\/2025\/04\/ChatGPT-Image-31-mar-2025-10_14_37-p.m-1.png 1536w\" sizes=\"(max-width: 1024px) 100vw, 1024px\" \/><\/figure><div class=\"wp-block-media-text__content\">\n<p class=\"has-black-color has-text-color has-link-color has-medium-font-size wp-elements-38275edfd4701da9858e7848768c043b\">En una de las orillas de la laguna, existi\u00f3 un antiguo monasterio habitado por monjes que llevaban una vida de retiro y oraci\u00f3n. Sin embargo, con el paso del tiempo, los monjes comenzaron a comportarse de manera extra\u00f1a. Los pobladores cercanos afirmaban escuchar c\u00e1nticos l\u00fagubres en la noche y ver sombras moverse por el monasterio, incluso cuando se supon\u00eda que todos dorm\u00edan.<\/p>\n<\/div><\/div>\n\n\n\n<div class=\"wp-block-group alignfull\" style=\"margin-top:0;margin-bottom:0;padding-top:var(--wp--preset--spacing--50);padding-right:var(--wp--preset--spacing--50);padding-bottom:var(--wp--preset--spacing--50);padding-left:var(--wp--preset--spacing--50)\"><div class=\"wp-block-group__inner-container is-layout-constrained wp-container-core-group-is-layout-9cf8f26d wp-block-group-is-layout-constrained\">\n<p class=\"has-black-color has-text-color has-link-color has-medium-font-size wp-elements-18d38ae79b82050ceeed445821807de7\">La historia m\u00e1s aterradora cuenta que un monje, cegado por la ambici\u00f3n y el deseo de poder, hizo un pacto con fuerzas oscuras para obtener conocimientos prohibidos. A partir de ese momento, los fen\u00f3menos inexplicables aumentaron: luces que flotaban sobre el monasterio, gritos desgarradores en la madrugada y apariciones de figuras espectrales caminando sobre la superficie de la laguna.<\/p>\n\n\n\n<p class=\"has-black-color has-text-color has-link-color has-medium-font-size wp-elements-6645a5d527ba2939a136c6daaddb6004\">Un d\u00eda, sin explicaci\u00f3n alguna, el monasterio fue tragado por las aguas de la laguna durante una fuerte tormenta. Algunos dicen que fue castigo divino; otros, que los esp\u00edritus que atormentaban el lugar lograron liberarse y arrastraron el monasterio con ellos al fondo de La Cocha. Desde entonces, los pescadores y viajeros aseguran que, en noches de luna llena, es posible ver las ruinas del monasterio sumergido y escuchar los rezos fantasmales que todav\u00eda resuenan en el aire.<\/p>\n\n\n\n<figure class=\"wp-block-pullquote\"><blockquote><p>\u00abSeg\u00fan la tradici\u00f3n oral del departamento de Nari\u00f1o, se cuenta la leyenda del Monasterio Embrujado en la Laguna de La Cocha, donde un antiguo monasterio fue tragado por las aguas tras sucesos paranormales.\u00bb<\/p><cite><strong>Tradici\u00f3n oral nari\u00f1ense. (s.f.).<\/strong> <em>Leyenda del Monasterio Embrujado de la Laguna de La Cocha.<\/em> Transmitida de generaci\u00f3n en generaci\u00f3n en la regi\u00f3n de Nari\u00f1o, Colombia. <a href=\"https:\/\/youtu.be\/-lzG_ShCUx0\">https:\/\/youtu.be\/-lzG_ShCUx0<\/a><\/cite><\/blockquote><\/figure>\n<\/div><\/div>\n","protected":false},"excerpt":{"rendered":"<p>En una de las orillas de la laguna, existi\u00f3 un antiguo monasterio habitado por monjes que llevaban una vida de retiro y oraci\u00f3n. Sin embargo, con el paso del tiempo,&hellip;<\/p>\n","protected":false},"author":7,"featured_media":0,"parent":0,"menu_order":0,"comment_status":"closed","ping_status":"closed","template":"","meta":{"footnotes":""},"class_list":["post-150","page","type-page","status-publish","hentry"],"_links":{"self":[{"href":"https:\/\/jjprofesor.com.co\/awanga\/index.php?rest_route=\/wp\/v2\/pages\/150","targetHints":{"allow":["GET"]}}],"collection":[{"href":"https:\/\/jjprofesor.com.co\/awanga\/index.php?rest_route=\/wp\/v2\/pages"}],"about":[{"href":"https:\/\/jjprofesor.com.co\/awanga\/index.php?rest_route=\/wp\/v2\/types\/page"}],"author":[{"embeddable":true,"href":"https:\/\/jjprofesor.com.co\/awanga\/index.php?rest_route=\/wp\/v2\/users\/7"}],"replies":[{"embeddable":true,"href":"https:\/\/jjprofesor.com.co\/awanga\/index.php?rest_route=%2Fwp%2Fv2%2Fcomments&post=150"}],"version-history":[{"count":11,"href":"https:\/\/jjprofesor.com.co\/awanga\/index.php?rest_route=\/wp\/v2\/pages\/150\/revisions"}],"predecessor-version":[{"id":447,"href":"https:\/\/jjprofesor.com.co\/awanga\/index.php?rest_route=\/wp\/v2\/pages\/150\/revisions\/447"}],"wp:attachment":[{"href":"https:\/\/jjprofesor.com.co\/awanga\/index.php?rest_route=%2Fwp%2Fv2%2Fmedia&parent=150"}],"curies":[{"name":"wp","href":"https:\/\/api.w.org\/{rel}","templated":true}]}}