{"id":117,"date":"2025-04-01T02:08:09","date_gmt":"2025-04-01T02:08:09","guid":{"rendered":"https:\/\/jjprofesor.com.co\/awanga\/?page_id=117"},"modified":"2025-04-01T02:39:31","modified_gmt":"2025-04-01T02:39:31","slug":"mitos-y-leyendas-2","status":"publish","type":"page","link":"https:\/\/jjprofesor.com.co\/awanga\/?page_id=117","title":{"rendered":"Diferencias y Semejanzas Entre Mitos y Leyendas"},"content":{"rendered":"\n<figure class=\"wp-block-embed is-type-video is-provider-youtube wp-block-embed-youtube wp-embed-aspect-16-9 wp-has-aspect-ratio\"><div class=\"wp-block-embed__wrapper\">\n<iframe title=\"\u00bfCu\u00e1l es la diferencia entre MITO y LEYENDA?\" width=\"500\" height=\"281\" src=\"https:\/\/www.youtube.com\/embed\/Hzfl44F9F5Q?feature=oembed\" frameborder=\"0\" allow=\"accelerometer; autoplay; clipboard-write; encrypted-media; gyroscope; picture-in-picture; web-share\" referrerpolicy=\"strict-origin-when-cross-origin\" allowfullscreen><\/iframe>\n<\/div><\/figure>\n\n\n<h2 class=\"has-text-align-center wp-block-post-title\">Diferencias y Semejanzas Entre Mitos y Leyendas<\/h2>\n\n\n<style>\n  table {\n    width: 100%;\n    border-collapse: collapse;\n    border-radius: 10px;\n    overflow: hidden;\n    background-color: #1e3a5f;\n    color: white;\n    text-align: left;\n  }\n  th, td {\n    border: 1px solid #ffffff55;\n    padding: 10px;\n  }\n  th {\n    background-color: #14273e;\n  }\n<\/style>\n\n\n\n<figure class=\"wp-block-table\"><table class=\"has-fixed-layout\"><tbody><tr><th>Aspecto<\/th><th>Mitos<\/th><th>Leyendas<\/th><\/tr><tr><td>Definici\u00f3n<\/td><td>Relatos tradicionales que explican el origen del mundo, dioses y fen\u00f3menos naturales.<\/td><td>Narraciones basadas en hechos reales o hist\u00f3ricos, pero con elementos fant\u00e1sticos o exagerados.<\/td><\/tr><tr><td>Origen<\/td><td>Generalmente de civilizaciones antiguas, vinculados a su cosmovisi\u00f3n.<\/td><td>Basadas en eventos o personajes hist\u00f3ricos, transmitidas oralmente.<\/td><\/tr><tr><td>Personajes<\/td><td>Dioses, h\u00e9roes, criaturas sobrenaturales.<\/td><td>Seres humanos con cualidades extraordinarias, a veces con intervenci\u00f3n sobrenatural.<\/td><\/tr><tr><td>Prop\u00f3sito<\/td><td>Explicar el origen de algo (el mundo, la vida, fen\u00f3menos naturales).<\/td><td>Relatar hechos con ense\u00f1anzas morales o culturales.<\/td><\/tr><tr><td>Tiempo y lugar<\/td><td>Ocurre en un tiempo remoto o sagrado, fuera de la historia.<\/td><td>Situado en un tiempo y lugar m\u00e1s definido, con referencias reales.<\/td><\/tr><tr><td>Ejemplos<\/td><td>El mito de Prometeo, el origen del Sol y la Luna (seg\u00fan culturas ind\u00edgenas).<\/td><td>La Llorona, El Dorado, el Caleuche.<\/td><\/tr><\/tbody><\/table><\/figure>\n","protected":false},"excerpt":{"rendered":"<p>Aspecto Mitos Leyendas Definici\u00f3n Relatos tradicionales que explican el origen del mundo, dioses y fen\u00f3menos naturales. Narraciones basadas en hechos reales o hist\u00f3ricos, pero con elementos fant\u00e1sticos o exagerados. Origen&hellip;<\/p>\n","protected":false},"author":3,"featured_media":0,"parent":0,"menu_order":0,"comment_status":"closed","ping_status":"closed","template":"","meta":{"footnotes":""},"class_list":["post-117","page","type-page","status-publish","hentry"],"_links":{"self":[{"href":"https:\/\/jjprofesor.com.co\/awanga\/index.php?rest_route=\/wp\/v2\/pages\/117","targetHints":{"allow":["GET"]}}],"collection":[{"href":"https:\/\/jjprofesor.com.co\/awanga\/index.php?rest_route=\/wp\/v2\/pages"}],"about":[{"href":"https:\/\/jjprofesor.com.co\/awanga\/index.php?rest_route=\/wp\/v2\/types\/page"}],"author":[{"embeddable":true,"href":"https:\/\/jjprofesor.com.co\/awanga\/index.php?rest_route=\/wp\/v2\/users\/3"}],"replies":[{"embeddable":true,"href":"https:\/\/jjprofesor.com.co\/awanga\/index.php?rest_route=%2Fwp%2Fv2%2Fcomments&post=117"}],"version-history":[{"count":6,"href":"https:\/\/jjprofesor.com.co\/awanga\/index.php?rest_route=\/wp\/v2\/pages\/117\/revisions"}],"predecessor-version":[{"id":149,"href":"https:\/\/jjprofesor.com.co\/awanga\/index.php?rest_route=\/wp\/v2\/pages\/117\/revisions\/149"}],"wp:attachment":[{"href":"https:\/\/jjprofesor.com.co\/awanga\/index.php?rest_route=%2Fwp%2Fv2%2Fmedia&parent=117"}],"curies":[{"name":"wp","href":"https:\/\/api.w.org\/{rel}","templated":true}]}}