{"id":108,"date":"2025-04-01T01:56:52","date_gmt":"2025-04-01T01:56:52","guid":{"rendered":"https:\/\/jjprofesor.com.co\/awanga\/?page_id=108"},"modified":"2025-04-21T02:15:38","modified_gmt":"2025-04-21T02:15:38","slug":"el-danzante-y-la-princesa","status":"publish","type":"page","link":"https:\/\/jjprofesor.com.co\/awanga\/?page_id=108","title":{"rendered":"El danzante y la princesa"},"content":{"rendered":"\n<div class=\"wp-block-media-text is-stacked-on-mobile\"><figure class=\"wp-block-media-text__media\"><img fetchpriority=\"high\" decoding=\"async\" width=\"1024\" height=\"1024\" src=\"http:\/\/jjprofesor.com.co\/awanga\/wp-content\/uploads\/2025\/04\/Gemini_Generated_Image_dmuxsedmuxsedmux-1024x1024.jpeg\" alt=\"\" class=\"wp-image-189 size-full\" srcset=\"https:\/\/jjprofesor.com.co\/awanga\/wp-content\/uploads\/2025\/04\/Gemini_Generated_Image_dmuxsedmuxsedmux-1024x1024.jpeg 1024w, https:\/\/jjprofesor.com.co\/awanga\/wp-content\/uploads\/2025\/04\/Gemini_Generated_Image_dmuxsedmuxsedmux-300x300.jpeg 300w, https:\/\/jjprofesor.com.co\/awanga\/wp-content\/uploads\/2025\/04\/Gemini_Generated_Image_dmuxsedmuxsedmux-150x150.jpeg 150w, https:\/\/jjprofesor.com.co\/awanga\/wp-content\/uploads\/2025\/04\/Gemini_Generated_Image_dmuxsedmuxsedmux-768x768.jpeg 768w, https:\/\/jjprofesor.com.co\/awanga\/wp-content\/uploads\/2025\/04\/Gemini_Generated_Image_dmuxsedmuxsedmux-1536x1536.jpeg 1536w, https:\/\/jjprofesor.com.co\/awanga\/wp-content\/uploads\/2025\/04\/Gemini_Generated_Image_dmuxsedmuxsedmux.jpeg 2048w\" sizes=\"(max-width: 1024px) 100vw, 1024px\" \/><\/figure><div class=\"wp-block-media-text__content\">\n<p class=\"has-black-color has-text-color has-link-color has-medium-font-size wp-elements-45f6c2dc66d93e182da5e11f01acfc64\">Cuenta el mito de la laguna de la cocha, que en los Valles de Los Andes existi\u00f3 un hermoso para\u00edso conformado por 7 grandes ciudades, sus habitantes viv\u00edan en una perfecta armon\u00eda y, una familia en particular, era la protagonista entre sus pobladores, constituida por el Cacique Pucara, la princesa Tamia y sus tres hijos: El cacique, un hombre atractivo, corpulento, fuerte, lleno de poder y riqueza y la princesa, cuya belleza deslumbraba al comp\u00e1s de su picard\u00eda y noble personalidad.<\/p>\n<\/div><\/div>\n\n\n\n<div class=\"wp-block-group\"><div class=\"wp-block-group__inner-container is-layout-constrained wp-block-group-is-layout-constrained\">\n<p class=\"has-black-color has-text-color has-link-color has-medium-font-size wp-elements-d25438e6c9370019cf1d3a2e1215a9ca\">Fue durante la celebraci\u00f3n al dios Sol que el destino de este Valle se decidi\u00f3, transcurr\u00eda el momento entre alegr\u00edas, fiesta y diversi\u00f3n, hasta que alguien se convirti\u00f3 en el centro de la atracci\u00f3n, se trataba de Munani, un gran danzante, quien inmediatamente acapar\u00f3 la admiraci\u00f3n del p\u00fablico, en especial, de la princesa Tamia, quien no pudo apartar su mirada, \u00e9l al anotar tal atenci\u00f3n sin disimulo, decidi\u00f3 dirigir su encanto hacia ella y sin titubear, le solicit\u00f3 a Pucara poder bailar con ella, quien acept\u00f3.<\/p>\n\n\n\n<p class=\"has-black-color has-text-color has-link-color has-medium-font-size wp-elements-b51029017eea65dfcb3e4fd84ad80f83\">Este baile entre el danzante y la princesa reforz\u00f3 el v\u00ednculo que ya entre miradas se forj\u00f3, con susurros al o\u00eddo, sonrisas y roces de mano, emerg\u00eda una pasi\u00f3n que m\u00e1s tarde se consum\u00f3, porque aunque la fiesta termin\u00f3 y los d\u00edas transcurrieron, tal recuerdo y sensaci\u00f3n solo se afianzaron como prisioneros que clamaban ser liberados, y as\u00ed, finalmente sucedi\u00f3, Tamia y Munani liberaron sus deseos y sin reparo lo anunciaron a todo el Valle de Los Andes.<\/p>\n\n\n\n<p class=\"has-black-color has-text-color has-link-color has-medium-font-size wp-elements-2827afbd3762a53e5d6768c1c990085c\">La noticia atraves\u00f3 a Pucara, quien no pudo lidiar con la decepci\u00f3n, renunci\u00f3 a su jerarqu\u00eda como Cacique de las 7 ciudades para refugiarse junto a sus tres hijos a lo profundo y alto de la monta\u00f1a, en donde pasar\u00eda sus d\u00edas criando t\u00e1banos, una especie de mosca grande capaz de producir dolorosas picaduras.<\/p>\n\n\n\n<p class=\"has-black-color has-text-color has-link-color has-medium-font-size wp-elements-cb3f04499533013d7dab4e6635c28bbe\">Al pueblo de los Andes no le agrad\u00f3 tal situaci\u00f3n y desaprob\u00f3 la uni\u00f3n entre el danzante y la princesa, las familias los ignoraron y les cerraron sus puertas; un d\u00eda, aquellos amantes necesitaron agua y fueron de puerta en puerta pidiendo una totuma de agua, pero nadie acudi\u00f3 a su llamado, desesperados enga\u00f1aron a un ni\u00f1o para obtenerla.<\/p>\n\n\n\n<div class=\"wp-block-media-text has-media-on-the-right is-stacked-on-mobile\"><div class=\"wp-block-media-text__content\">\n<p class=\"has-black-color has-text-color has-link-color has-medium-font-size wp-elements-43b926bf4c0617c7a6b827bc3233bf6e\">En un potrero hicieron el amor qued\u00e1ndose profundamente dormidos y el danzante no se percat\u00f3 que hab\u00eda golpeado y regado el agua contenida en la totuma, pero el dios Sol los observaba y no olvidaba el desplante de los amantes quienes decidieron acabar con la armon\u00eda del lugar en medio de una celebraci\u00f3n en su honor y fue entonces que los dioses decidieron castigarlos.<\/p>\n<\/div><figure class=\"wp-block-media-text__media\"><img decoding=\"async\" width=\"1024\" height=\"1024\" src=\"https:\/\/jjprofesor.com.co\/awanga\/wp-content\/uploads\/2025\/04\/Gemini_Generated_Image_s0trnxs0trnxs0tr-1-1024x1024.jpeg\" alt=\"\" class=\"wp-image-321 size-full\" srcset=\"https:\/\/jjprofesor.com.co\/awanga\/wp-content\/uploads\/2025\/04\/Gemini_Generated_Image_s0trnxs0trnxs0tr-1-1024x1024.jpeg 1024w, https:\/\/jjprofesor.com.co\/awanga\/wp-content\/uploads\/2025\/04\/Gemini_Generated_Image_s0trnxs0trnxs0tr-1-300x300.jpeg 300w, https:\/\/jjprofesor.com.co\/awanga\/wp-content\/uploads\/2025\/04\/Gemini_Generated_Image_s0trnxs0trnxs0tr-1-150x150.jpeg 150w, https:\/\/jjprofesor.com.co\/awanga\/wp-content\/uploads\/2025\/04\/Gemini_Generated_Image_s0trnxs0trnxs0tr-1-768x768.jpeg 768w, https:\/\/jjprofesor.com.co\/awanga\/wp-content\/uploads\/2025\/04\/Gemini_Generated_Image_s0trnxs0trnxs0tr-1-1536x1536.jpeg 1536w, https:\/\/jjprofesor.com.co\/awanga\/wp-content\/uploads\/2025\/04\/Gemini_Generated_Image_s0trnxs0trnxs0tr-1.jpeg 2048w\" sizes=\"(max-width: 1024px) 100vw, 1024px\" \/><\/figure><\/div>\n\n\n\n<p class=\"has-black-color has-text-color has-link-color has-medium-font-size wp-elements-6094cddb857897979d199df00a914057\">El agua que se reg\u00f3 de la totuma nunca par\u00f3 y el danzante despert\u00f3 cuando ya se estaba ahogando y aunque intent\u00f3 escapar, su suerte por los dioses ya hab\u00eda sido sellada, pero no solo la de \u00e9l, sino la de todos los pobladores de las 7 ciudades, los dioses enviaron as\u00ed a un t\u00e1bano para que le picara y de su boca y nariz comenz\u00f3 a salir agua con una presi\u00f3n y un caudal exuberante, que en segundos inund\u00f3 y sepult\u00f3 a todo el Valle de Los Andes y fue as\u00ed como surgi\u00f3 la Laguna de la Cocha.<\/p>\n\n\n\n<p class=\"has-black-color has-text-color has-link-color has-medium-font-size wp-elements-f4bf13e175cf7320432c5d34605e734f\">Como se encontraban en las alturas de la monta\u00f1a, los \u00fanicos sobrevivientes fueron Pucara y sus hijos, quienes lloraron al ver aquel desgarrador y apocal\u00edptico escenario. Cuentan los pobladores que cuando Pucara llora recordando la traici\u00f3n de la princesa, la Laguna de la Cocha se inunda y se desborda causando estragos entre sus pobladores.<\/p>\n\n\n\n<p class=\"has-black-color has-text-color has-link-color has-medium-font-size wp-elements-e408c3f10de467bb8eeb527c71a55a86\">\u00ab\u2026 en la tarde del viernes santo \u2026 se escucha el dong, dong de una campana, y hay quienes han visto navegando un bulto de totora a manera de balsa que lleva en su interior una <strong>totuma<\/strong>, un peine y una gallina clueca con sus polluelos, los cuales de ser recogidos desencantar\u00edan la Cocha\u2026\u00bb<\/p>\n\n\n\n<p class=\"has-black-color has-text-color has-link-color has-medium-font-size wp-elements-8938c29bf2691e1baf2f0a98058f8799\">Y, as\u00ed\u2026<\/p>\n\n\n\n<p class=\"has-black-color has-text-color has-link-color has-medium-font-size wp-elements-94cdbd7dfb830faeae54c1da30f178da\">\u00a1Las 7 ciudades emerger\u00edan!<\/p>\n\n\n\n<div class=\"wp-block-group\"><div class=\"wp-block-group__inner-container is-layout-constrained wp-block-group-is-layout-constrained\">\n<div class=\"wp-block-group\"><div class=\"wp-block-group__inner-container is-layout-constrained wp-block-group-is-layout-constrained\">\n<p>Sarasty &amp; Ram\u00edrez, 2009<\/p>\n<\/div><\/div>\n<\/div><\/div>\n<\/div><\/div>\n","protected":false},"excerpt":{"rendered":"<p>Cuenta el mito de la laguna de la cocha, que en los Valles de Los Andes existi\u00f3 un hermoso para\u00edso conformado por 7 grandes ciudades, sus habitantes viv\u00edan en una&hellip;<\/p>\n","protected":false},"author":2,"featured_media":189,"parent":0,"menu_order":0,"comment_status":"closed","ping_status":"closed","template":"","meta":{"footnotes":""},"class_list":["post-108","page","type-page","status-publish","has-post-thumbnail","hentry"],"_links":{"self":[{"href":"https:\/\/jjprofesor.com.co\/awanga\/index.php?rest_route=\/wp\/v2\/pages\/108","targetHints":{"allow":["GET"]}}],"collection":[{"href":"https:\/\/jjprofesor.com.co\/awanga\/index.php?rest_route=\/wp\/v2\/pages"}],"about":[{"href":"https:\/\/jjprofesor.com.co\/awanga\/index.php?rest_route=\/wp\/v2\/types\/page"}],"author":[{"embeddable":true,"href":"https:\/\/jjprofesor.com.co\/awanga\/index.php?rest_route=\/wp\/v2\/users\/2"}],"replies":[{"embeddable":true,"href":"https:\/\/jjprofesor.com.co\/awanga\/index.php?rest_route=%2Fwp%2Fv2%2Fcomments&post=108"}],"version-history":[{"count":7,"href":"https:\/\/jjprofesor.com.co\/awanga\/index.php?rest_route=\/wp\/v2\/pages\/108\/revisions"}],"predecessor-version":[{"id":432,"href":"https:\/\/jjprofesor.com.co\/awanga\/index.php?rest_route=\/wp\/v2\/pages\/108\/revisions\/432"}],"wp:featuredmedia":[{"embeddable":true,"href":"https:\/\/jjprofesor.com.co\/awanga\/index.php?rest_route=\/wp\/v2\/media\/189"}],"wp:attachment":[{"href":"https:\/\/jjprofesor.com.co\/awanga\/index.php?rest_route=%2Fwp%2Fv2%2Fmedia&parent=108"}],"curies":[{"name":"wp","href":"https:\/\/api.w.org\/{rel}","templated":true}]}}